{"id":5719,"date":"2023-12-27T19:32:22","date_gmt":"2023-12-27T19:32:22","guid":{"rendered":"https:\/\/www.grazalemacycling.com\/cycling-in-andalucia-bike-routes-guided-rides\/guided-rides\/"},"modified":"2026-02-19T19:38:07","modified_gmt":"2026-02-19T19:38:07","slug":"rutas-guiadas","status":"publish","type":"page","link":"https:\/\/www.grazalemacycling.com\/es\/ciclismo-andalucia-rutas-en-bici-sierra-de-grazalema\/rutas-guiadas\/","title":{"rendered":"Ruta guiada en la Sierra de Grazalema (C\u00e1diz, Andaluc\u00eda)"},"content":{"rendered":"\n<div class=\"wp-block-cover is-light\"><span aria-hidden=\"true\" class=\"wp-block-cover__background has-background-dim-0 has-background-dim\"><\/span><div class=\"wp-block-cover__inner-container is-layout-flow wp-block-cover-is-layout-flow\">\n<div class=\"wp-block-group\"><div class=\"wp-block-group__inner-container is-layout-constrained wp-block-group-is-layout-constrained\">\n<div class=\"wp-block-columns is-layout-flex wp-container-core-columns-is-layout-9d6595d7 wp-block-columns-is-layout-flex\">\n<div class=\"wp-block-column is-layout-flow wp-block-column-is-layout-flow\">\n<h4 class=\"wp-block-heading\">Rutas guiadas en la Sierra de C\u00e1diz<\/h4>\n\n\n\n<h5 class=\"wp-block-heading\">Rutas en privado para darte la atenci\u00f3n que te mereces<\/h5>\n\n\n\n<p>Queremos dar cada a cliente la atenci\u00f3n que se merece y por ello las rutas guiadas que ofrecemos en la Sierra de Grazalema son privadas. Tendr\u00e1s un gu\u00eda completamente a tu disposici\u00f3n y gracias a ello podemos adaptar la ruta exactamente a tus deseos y habilidades. Quiz\u00e1s has escuchado sobre empresas en Girona, Calpe o Mallorca donde las rutas guiadas salen a una cierta hora para una ruta de distancia predeterminada. Aqu\u00ed en Grazalema no tienes que adaptarte a ning\u00fan grupo, sino que nosotros adaptamos la bicicleta y la ruta a ti.<\/p>\n<\/div>\n\n\n\n<div class=\"wp-block-column is-layout-flow wp-block-column-is-layout-flow\">\n<figure class=\"wp-block-image size-large\"><img loading=\"lazy\" decoding=\"async\" width=\"1024\" height=\"683\" src=\"https:\/\/www.grazalemacycling.com\/wp-content\/uploads\/2020\/05\/ton-aug-19-4-1024x683.jpg\" alt=\"Two people smiling during a guided cycling ride.\" class=\"wp-image-1604\" srcset=\"https:\/\/www.grazalemacycling.com\/wp-content\/uploads\/2020\/05\/ton-aug-19-4-1024x683.jpg 1024w, https:\/\/www.grazalemacycling.com\/wp-content\/uploads\/2020\/05\/ton-aug-19-4-800x533.jpg 800w, https:\/\/www.grazalemacycling.com\/wp-content\/uploads\/2020\/05\/ton-aug-19-4-300x200.jpg 300w, https:\/\/www.grazalemacycling.com\/wp-content\/uploads\/2020\/05\/ton-aug-19-4-768x512.jpg 768w, https:\/\/www.grazalemacycling.com\/wp-content\/uploads\/2020\/05\/ton-aug-19-4-1536x1024.jpg 1536w, https:\/\/www.grazalemacycling.com\/wp-content\/uploads\/2020\/05\/ton-aug-19-4-219x146.jpg 219w, https:\/\/www.grazalemacycling.com\/wp-content\/uploads\/2020\/05\/ton-aug-19-4-50x33.jpg 50w, https:\/\/www.grazalemacycling.com\/wp-content\/uploads\/2020\/05\/ton-aug-19-4-113x75.jpg 113w, https:\/\/www.grazalemacycling.com\/wp-content\/uploads\/2020\/05\/ton-aug-19-4.jpg 1920w\" sizes=\"auto, (max-width:767px) 480px, (max-width:1024px) 100vw, 1024px\" \/><\/figure>\n<\/div>\n<\/div>\n<\/div><\/div>\n<\/div><\/div>\n\n\n\n<div class=\"wp-block-cover is-light\"><span aria-hidden=\"true\" class=\"wp-block-cover__background has-cyan-bluish-gray-background-color has-background-dim-10 has-background-dim\"><\/span><div class=\"wp-block-cover__inner-container is-layout-flow wp-block-cover-is-layout-flow\">\n<div class=\"wp-block-group\"><div class=\"wp-block-group__inner-container is-layout-constrained wp-block-group-is-layout-constrained\">\n<div class=\"wp-block-columns is-layout-flex wp-container-core-columns-is-layout-9d6595d7 wp-block-columns-is-layout-flex\">\n<div class=\"wp-block-column is-vertically-aligned-center is-layout-flow wp-block-column-is-layout-flow\" style=\"flex-basis:50%\">\n<figure class=\"wp-block-image size-full\"><img loading=\"lazy\" decoding=\"async\" width=\"1920\" height=\"2560\" src=\"https:\/\/www.grazalemacycling.com\/wp-content\/uploads\/2023\/12\/IMG_3175-scaled.jpg\" alt=\"Two women passing the village of Setenil de las Bodegas during a guided ride. \" class=\"wp-image-5552\" srcset=\"https:\/\/www.grazalemacycling.com\/wp-content\/uploads\/2023\/12\/IMG_3175-scaled.jpg 1920w, https:\/\/www.grazalemacycling.com\/wp-content\/uploads\/2023\/12\/IMG_3175-225x300.jpg 225w, https:\/\/www.grazalemacycling.com\/wp-content\/uploads\/2023\/12\/IMG_3175-768x1024.jpg 768w, https:\/\/www.grazalemacycling.com\/wp-content\/uploads\/2023\/12\/IMG_3175-1152x1536.jpg 1152w, https:\/\/www.grazalemacycling.com\/wp-content\/uploads\/2023\/12\/IMG_3175-1536x2048.jpg 1536w, https:\/\/www.grazalemacycling.com\/wp-content\/uploads\/2023\/12\/IMG_3175-56x75.jpg 56w, https:\/\/www.grazalemacycling.com\/wp-content\/uploads\/2023\/12\/IMG_3175-480x640.jpg 480w, https:\/\/www.grazalemacycling.com\/wp-content\/uploads\/2023\/12\/IMG_3175-800x1067.jpg 800w\" sizes=\"auto, (max-width:767px) 480px, (max-width:1920px) 100vw, 1920px\" \/><\/figure>\n<\/div>\n\n\n\n<div class=\"wp-block-column is-vertically-aligned-top is-layout-flow wp-block-column-is-layout-flow\" style=\"flex-basis:50%\">\n<h5 class=\"wp-block-heading\">No hay barreras<\/h5>\n\n\n\n<p>Gracias a nuestro enfoque personal no hay barreras y cada elecci\u00f3n es tuya. Pero no te preocupes: estaremos aqu\u00ed para ayudarte a elegir lo mejor. Primero te ayudaremos a elegir la bici correcta para ti y la ajustamos a tus medidas. Asimismo, en nuestro taller tambi\u00e9n te podemos ayudar a preparar tu propia bicicleta. Despu\u00e9s te llevaremos por una ruta que se adapte a tus preferencias, nivel de t\u00e9cnica y forma f\u00edsica.<\/p>\n\n\n\n<h5 class=\"wp-block-heading\">Apoyo de amigos, consejos de expertos<\/h5>\n\n\n\n<p>Mientras que te ense\u00f1amos los lugares de inter\u00e9s en la ruta y nuestras cafeter\u00edas favoritas, tambi\u00e9n estamos a tu lado para darte consejos para mejorar como ciclista y para resolver cualquier problema mec\u00e1nico que pueda ocurrir. Pero sobre todo nos gusta ver nuestro papel de gu\u00eda como el del amigo, con quien puedes charlar horas y horas o disfrutar del paisaje en silencio, y quien te motiva para conseguir lo que no te imaginas posible.<\/p>\n\n\n\n<p>Cuando elijas hacer una ruta guiada en bici por la <a href=\"https:\/\/turismo.grazalema.es\/\" target=\"_blank\" rel=\"noreferrer noopener\">Sierra de Grazalema<\/a> (C\u00e1diz, Andaluc\u00eda) con Grazalema Cycling Adventures te ofrecemos una experiencia completa y no tendr\u00e1s que preocuparte de nada. Desde la navegaci\u00f3n con opciones de acortar o alargar la ruta en todo momento, hasta an\u00e9cdotas interesantes sobre edificios hist\u00f3ricos, plantas raras o animales curiosos y siempre con apoyo literalmente a tu lado. Con nuestras rutas est\u00e1 todo cubierto y por lo tanto es la opci\u00f3n m\u00e1s completa para hacer una ruta en bicicleta por los paisajes impresionantes de la Sierra de Grazalema y los pueblos de alrededor.<\/p>\n\n\n\n<h5 class=\"wp-block-heading\">T\u00fa decides el ritmo<\/h5>\n\n\n\n<p>El objetivo de nuestros gu\u00edas no es entrenar mientras que salen contigo, sino guiarte, apoyarte, y ense\u00f1arte por qu\u00e9 nos gusta tanto montar en bici por la Sierra de Grazalema. El ritmo lo pones t\u00fa. Nosotros simplemente estamos aqu\u00ed para ayudarte a pasar un gran d\u00eda en bicicleta en la Sierra de Grazalema (C\u00e1diz, Andaluc\u00eda).<\/p>\n<\/div>\n<\/div>\n\n\n\n<hr class=\"wp-block-separator has-alpha-channel-opacity is-style-dots\"\/>\n\n\n\n<div class=\"wp-block-columns is-layout-flex wp-container-core-columns-is-layout-9d6595d7 wp-block-columns-is-layout-flex\">\n<div class=\"wp-block-column is-vertically-aligned-center is-layout-flow wp-block-column-is-layout-flow\">\n<h5 class=\"wp-block-heading\">Enam\u00f3rate de este para\u00edso ciclista<\/h5>\n\n\n\n<p>Hacer una ruta guiada en la Sierra de Grazalema, la Serran\u00eda de Ronda y los pueblos blancos de C\u00e1diz, M\u00e1laga y Sevilla es la parte favorita de nuestro trabajo, \u00bfpara qu\u00e9 te vamos a mentir? Nos sentimos privilegiados cada vez que salimos con clientes para hacer una ruta por este sitio precioso. As\u00ed que reconocemos que esto explica en parte nuestro entusiasmo con las rutas guiadas. La otra parte de nuestro pasi\u00f3n se debe a las grandes sonrisas de nuestros clientes durante y despu\u00e9s de sus rutas por el Parque Natural Sierra de Grazalema. En resumen, amamos el ciclismo en esta zona preciosa de Andaluc\u00eda y deseamos compartir muchas aventuras inolvidables en bici por la Sierra de Grazalema contigo<\/p>\n<\/div>\n\n\n\n<div class=\"wp-block-column is-layout-flow wp-block-column-is-layout-flow\">\n<figure class=\"wp-block-gallery has-nested-images columns-default is-cropped wp-block-gallery-1 is-layout-flex wp-block-gallery-is-layout-flex\">\n<figure class=\"wp-block-image size-large\"><a href=\"https:\/\/www.grazalemacycling.com\/wp-content\/uploads\/2023\/12\/Ruta-guiada-en-bici-a-Villaluenga-del-Rosario-1024x768.jpg\"><img loading=\"lazy\" decoding=\"async\" width=\"1024\" height=\"768\" data-id=\"5568\" src=\"https:\/\/www.grazalemacycling.com\/wp-content\/uploads\/2023\/12\/Ruta-guiada-en-bici-a-Villaluenga-del-Rosario-1024x768.jpg\" alt=\"People talking during stop on a one of the guided bike rides in Villaluenga dle Rosario, Andaluc\u00eda, Spain\" class=\"wp-image-5568\" srcset=\"https:\/\/www.grazalemacycling.com\/wp-content\/uploads\/2023\/12\/Ruta-guiada-en-bici-a-Villaluenga-del-Rosario-1024x768.jpg 1024w, https:\/\/www.grazalemacycling.com\/wp-content\/uploads\/2023\/12\/Ruta-guiada-en-bici-a-Villaluenga-del-Rosario-300x225.jpg 300w, https:\/\/www.grazalemacycling.com\/wp-content\/uploads\/2023\/12\/Ruta-guiada-en-bici-a-Villaluenga-del-Rosario-768x576.jpg 768w, https:\/\/www.grazalemacycling.com\/wp-content\/uploads\/2023\/12\/Ruta-guiada-en-bici-a-Villaluenga-del-Rosario-1536x1152.jpg 1536w, https:\/\/www.grazalemacycling.com\/wp-content\/uploads\/2023\/12\/Ruta-guiada-en-bici-a-Villaluenga-del-Rosario-100x75.jpg 100w, https:\/\/www.grazalemacycling.com\/wp-content\/uploads\/2023\/12\/Ruta-guiada-en-bici-a-Villaluenga-del-Rosario-960x720.jpg 960w, https:\/\/www.grazalemacycling.com\/wp-content\/uploads\/2023\/12\/Ruta-guiada-en-bici-a-Villaluenga-del-Rosario-480x360.jpg 480w, https:\/\/www.grazalemacycling.com\/wp-content\/uploads\/2023\/12\/Ruta-guiada-en-bici-a-Villaluenga-del-Rosario-800x600.jpg 800w, https:\/\/www.grazalemacycling.com\/wp-content\/uploads\/2023\/12\/Ruta-guiada-en-bici-a-Villaluenga-del-Rosario.jpg 1912w\" sizes=\"auto, (max-width:767px) 480px, (max-width:1024px) 100vw, 1024px\" \/><\/a><\/figure>\n<\/figure>\n<\/div>\n<\/div>\n<\/div><\/div>\n<\/div><\/div>\n\n\n\n<div class=\"wp-block-cover is-light\"><span aria-hidden=\"true\" class=\"wp-block-cover__background has-background-dim-0 has-background-dim\"><\/span><div class=\"wp-block-cover__inner-container is-layout-flow wp-block-cover-is-layout-flow\">\n<div class=\"wp-block-group\"><div class=\"wp-block-group__inner-container is-layout-constrained wp-block-group-is-layout-constrained\">\n<div class=\"wp-block-columns is-layout-flex wp-container-core-columns-is-layout-9d6595d7 wp-block-columns-is-layout-flex\">\n<div class=\"wp-block-column is-layout-flow wp-block-column-is-layout-flow\">\n<h5 class=\"wp-block-heading has-black-color has-text-color\">Caracter\u00edsticas<\/h5>\n\n\n\n<ul class=\"wp-block-list has-ffffff-background-color has-background\">\n<li>Rutas guiadas privadas: toda la atenci\u00f3n para ti <\/li>\n\n\n\n<li>Recorrido adaptado a tus preferencias<\/li>\n\n\n\n<li>Tantas o tan pocas paradas como deseas<\/li>\n\n\n\n<li>Medio d\u00eda o d\u00eda completo \n<ul class=\"wp-block-list\">\n<li>Medio d\u00eda: hasta 4 horas<\/li>\n\n\n\n<li>D\u00eda completo: hasta 7 horas<\/li>\n<\/ul>\n<\/li>\n<\/ul>\n\n\n\n<div class=\"wp-block-buttons is-layout-flex wp-block-buttons-is-layout-flex\">\n<div class=\"wp-block-button\"><a class=\"wp-block-button__link wp-element-button\" href=\"https:\/\/www.grazalemacycling.com\/es\/reservar-alquiler-bicicletas\/\">Reservar<\/a><\/div>\n<\/div>\n<\/div>\n\n\n\n<div class=\"wp-block-column is-layout-flow wp-block-column-is-layout-flow\">\n<figure class=\"wp-block-table is-style-stripes\"><table><thead><tr><th>Precios rutas guiadas 2026 &#8211; Medio d\u00eda<\/th><th>Precio\/grupo<\/th><\/tr><\/thead><tbody><tr><td>1 o 2 personas<\/td><td>112,00\u20ac<\/td><\/tr><tr><td>3 o 4 personas<\/td><td>120,00\u20ac<\/td><\/tr><tr><td>5 o 6 personas<\/td><td>128,00\u20ac<\/td><\/tr><\/tbody><\/table><\/figure>\n\n\n\n<figure class=\"wp-block-table is-style-stripes\"><table><thead><tr><th>Precios rutas guiadas 2026 &#8211; D\u00eda completo<\/th><th>Precio\/grupo<\/th><\/tr><\/thead><tbody><tr><td>1 o 2 personas<\/td><td>196,00\u20ac<\/td><\/tr><tr><td>3 o 4 personas<\/td><td>210,00\u20ac<\/td><\/tr><tr><td>5 o 6 personas<\/td><td>224,00\u20ac<\/td><\/tr><\/tbody><\/table><\/figure>\n<\/div>\n<\/div>\n<\/div><\/div>\n<\/div><\/div>\n","protected":false},"excerpt":{"rendered":"","protected":false},"author":2,"featured_media":0,"parent":5714,"menu_order":0,"comment_status":"closed","ping_status":"closed","template":"","meta":{"_uag_custom_page_level_css":"","footnotes":""},"class_list":["post-5719","page","type-page","status-publish","hentry"],"yoast_head":"<!-- This site is optimized with the Yoast SEO plugin v26.6 - https:\/\/yoast.com\/wordpress\/plugins\/seo\/ -->\n<title>Ruta guiada en la Sierra de Grazalema (C\u00e1diz, Andaluc\u00eda)<\/title>\n<meta name=\"description\" content=\"Reserva una ruta guiada y te ense\u00f1amos las mejores rutas en bici en la Sierra de Grazalema y sus alrededores (C\u00e1diz, Andaluc\u00eda).\" \/>\n<meta name=\"robots\" content=\"index, follow, max-snippet:-1, max-image-preview:large, max-video-preview:-1\" \/>\n<link rel=\"canonical\" href=\"https:\/\/www.grazalemacycling.com\/es\/ciclismo-andalucia-rutas-en-bici-sierra-de-grazalema\/rutas-guiadas\/\" \/>\n<meta property=\"og:locale\" content=\"es_ES\" \/>\n<meta property=\"og:type\" content=\"article\" \/>\n<meta property=\"og:title\" content=\"Ruta guiada en la Sierra de Grazalema (C\u00e1diz, Andaluc\u00eda)\" \/>\n<meta property=\"og:description\" content=\"Reserva una ruta guiada y te ense\u00f1amos las mejores rutas en bici en la Sierra de Grazalema y sus alrededores (C\u00e1diz, Andaluc\u00eda).\" \/>\n<meta property=\"og:url\" content=\"https:\/\/www.grazalemacycling.com\/es\/ciclismo-andalucia-rutas-en-bici-sierra-de-grazalema\/rutas-guiadas\/\" \/>\n<meta property=\"og:site_name\" content=\"Grazalema Cycling Adventures\" \/>\n<meta property=\"article:publisher\" content=\"https:\/\/www.facebook.com\/grazalemacycling\/\" \/>\n<meta property=\"article:modified_time\" content=\"2026-02-19T19:38:07+00:00\" \/>\n<meta property=\"og:image\" content=\"https:\/\/www.grazalemacycling.com\/wp-content\/uploads\/2020\/05\/ton-aug-19-4.jpg\" \/>\n\t<meta property=\"og:image:width\" content=\"1920\" \/>\n\t<meta property=\"og:image:height\" content=\"1280\" \/>\n\t<meta property=\"og:image:type\" content=\"image\/jpeg\" \/>\n<meta name=\"twitter:card\" content=\"summary_large_image\" \/>\n<meta name=\"twitter:label1\" content=\"Tiempo de lectura\" \/>\n\t<meta name=\"twitter:data1\" content=\"4 minutos\" \/>\n<script type=\"application\/ld+json\" class=\"yoast-schema-graph\">{\"@context\":\"https:\/\/schema.org\",\"@graph\":[{\"@type\":\"WebPage\",\"@id\":\"https:\/\/www.grazalemacycling.com\/es\/ciclismo-andalucia-rutas-en-bici-sierra-de-grazalema\/rutas-guiadas\/\",\"url\":\"https:\/\/www.grazalemacycling.com\/es\/ciclismo-andalucia-rutas-en-bici-sierra-de-grazalema\/rutas-guiadas\/\",\"name\":\"Ruta guiada en la Sierra de Grazalema (C\u00e1diz, Andaluc\u00eda)\",\"isPartOf\":{\"@id\":\"https:\/\/www.grazalemacycling.com\/es\/#website\"},\"primaryImageOfPage\":{\"@id\":\"https:\/\/www.grazalemacycling.com\/es\/ciclismo-andalucia-rutas-en-bici-sierra-de-grazalema\/rutas-guiadas\/#primaryimage\"},\"image\":{\"@id\":\"https:\/\/www.grazalemacycling.com\/es\/ciclismo-andalucia-rutas-en-bici-sierra-de-grazalema\/rutas-guiadas\/#primaryimage\"},\"thumbnailUrl\":\"https:\/\/www.grazalemacycling.com\/wp-content\/uploads\/2020\/05\/ton-aug-19-4-1024x683.jpg\",\"datePublished\":\"2023-12-27T19:32:22+00:00\",\"dateModified\":\"2026-02-19T19:38:07+00:00\",\"description\":\"Reserva una ruta guiada y te ense\u00f1amos las mejores rutas en bici en la Sierra de Grazalema y sus alrededores (C\u00e1diz, Andaluc\u00eda).\",\"breadcrumb\":{\"@id\":\"https:\/\/www.grazalemacycling.com\/es\/ciclismo-andalucia-rutas-en-bici-sierra-de-grazalema\/rutas-guiadas\/#breadcrumb\"},\"inLanguage\":\"es\",\"potentialAction\":[{\"@type\":\"ReadAction\",\"target\":[\"https:\/\/www.grazalemacycling.com\/es\/ciclismo-andalucia-rutas-en-bici-sierra-de-grazalema\/rutas-guiadas\/\"]}]},{\"@type\":\"ImageObject\",\"inLanguage\":\"es\",\"@id\":\"https:\/\/www.grazalemacycling.com\/es\/ciclismo-andalucia-rutas-en-bici-sierra-de-grazalema\/rutas-guiadas\/#primaryimage\",\"url\":\"https:\/\/www.grazalemacycling.com\/wp-content\/uploads\/2020\/05\/ton-aug-19-4-1024x683.jpg\",\"contentUrl\":\"https:\/\/www.grazalemacycling.com\/wp-content\/uploads\/2020\/05\/ton-aug-19-4-1024x683.jpg\"},{\"@type\":\"BreadcrumbList\",\"@id\":\"https:\/\/www.grazalemacycling.com\/es\/ciclismo-andalucia-rutas-en-bici-sierra-de-grazalema\/rutas-guiadas\/#breadcrumb\",\"itemListElement\":[{\"@type\":\"ListItem\",\"position\":1,\"name\":\"Home\",\"item\":\"https:\/\/www.grazalemacycling.com\/es\/\"},{\"@type\":\"ListItem\",\"position\":2,\"name\":\"Ciclismo en Andaluc\u00eda: Rutas en bici por la Sierra de Grazalema\",\"item\":\"https:\/\/www.grazalemacycling.com\/es\/ciclismo-andalucia-rutas-en-bici-sierra-de-grazalema\/\"},{\"@type\":\"ListItem\",\"position\":3,\"name\":\"Ruta guiada en la Sierra de Grazalema (C\u00e1diz, Andaluc\u00eda)\"}]},{\"@type\":\"WebSite\",\"@id\":\"https:\/\/www.grazalemacycling.com\/es\/#website\",\"url\":\"https:\/\/www.grazalemacycling.com\/es\/\",\"name\":\"Grazalema Cycling Adventures\",\"description\":\"Bike Rental, Guided Rides &amp; Routes\",\"publisher\":{\"@id\":\"https:\/\/www.grazalemacycling.com\/es\/#organization\"},\"potentialAction\":[{\"@type\":\"SearchAction\",\"target\":{\"@type\":\"EntryPoint\",\"urlTemplate\":\"https:\/\/www.grazalemacycling.com\/es\/?s={search_term_string}\"},\"query-input\":{\"@type\":\"PropertyValueSpecification\",\"valueRequired\":true,\"valueName\":\"search_term_string\"}}],\"inLanguage\":\"es\"},{\"@type\":\"Organization\",\"@id\":\"https:\/\/www.grazalemacycling.com\/es\/#organization\",\"name\":\"Grazalema Cycling Adventures\",\"url\":\"https:\/\/www.grazalemacycling.com\/es\/\",\"logo\":{\"@type\":\"ImageObject\",\"inLanguage\":\"es\",\"@id\":\"https:\/\/www.grazalemacycling.com\/es\/#\/schema\/logo\/image\/\",\"url\":\"https:\/\/www.grazalemacycling.com\/wp-content\/uploads\/2018\/12\/logo_web_retina-1.png\",\"contentUrl\":\"https:\/\/www.grazalemacycling.com\/wp-content\/uploads\/2018\/12\/logo_web_retina-1.png\",\"width\":675,\"height\":161,\"caption\":\"Grazalema Cycling Adventures\"},\"image\":{\"@id\":\"https:\/\/www.grazalemacycling.com\/es\/#\/schema\/logo\/image\/\"},\"sameAs\":[\"https:\/\/www.facebook.com\/grazalemacycling\/\",\"https:\/\/www.instagram.com\/grazalemacyclingadventures\/\"]}]}<\/script>\n<!-- \/ Yoast SEO plugin. -->","yoast_head_json":{"title":"Ruta guiada en la Sierra de Grazalema (C\u00e1diz, Andaluc\u00eda)","description":"Reserva una ruta guiada y te ense\u00f1amos las mejores rutas en bici en la Sierra de Grazalema y sus alrededores (C\u00e1diz, Andaluc\u00eda).","robots":{"index":"index","follow":"follow","max-snippet":"max-snippet:-1","max-image-preview":"max-image-preview:large","max-video-preview":"max-video-preview:-1"},"canonical":"https:\/\/www.grazalemacycling.com\/es\/ciclismo-andalucia-rutas-en-bici-sierra-de-grazalema\/rutas-guiadas\/","og_locale":"es_ES","og_type":"article","og_title":"Ruta guiada en la Sierra de Grazalema (C\u00e1diz, Andaluc\u00eda)","og_description":"Reserva una ruta guiada y te ense\u00f1amos las mejores rutas en bici en la Sierra de Grazalema y sus alrededores (C\u00e1diz, Andaluc\u00eda).","og_url":"https:\/\/www.grazalemacycling.com\/es\/ciclismo-andalucia-rutas-en-bici-sierra-de-grazalema\/rutas-guiadas\/","og_site_name":"Grazalema Cycling Adventures","article_publisher":"https:\/\/www.facebook.com\/grazalemacycling\/","article_modified_time":"2026-02-19T19:38:07+00:00","og_image":[{"width":1920,"height":1280,"url":"https:\/\/www.grazalemacycling.com\/wp-content\/uploads\/2020\/05\/ton-aug-19-4.jpg","type":"image\/jpeg"}],"twitter_card":"summary_large_image","twitter_misc":{"Tiempo de lectura":"4 minutos"},"schema":{"@context":"https:\/\/schema.org","@graph":[{"@type":"WebPage","@id":"https:\/\/www.grazalemacycling.com\/es\/ciclismo-andalucia-rutas-en-bici-sierra-de-grazalema\/rutas-guiadas\/","url":"https:\/\/www.grazalemacycling.com\/es\/ciclismo-andalucia-rutas-en-bici-sierra-de-grazalema\/rutas-guiadas\/","name":"Ruta guiada en la Sierra de Grazalema (C\u00e1diz, Andaluc\u00eda)","isPartOf":{"@id":"https:\/\/www.grazalemacycling.com\/es\/#website"},"primaryImageOfPage":{"@id":"https:\/\/www.grazalemacycling.com\/es\/ciclismo-andalucia-rutas-en-bici-sierra-de-grazalema\/rutas-guiadas\/#primaryimage"},"image":{"@id":"https:\/\/www.grazalemacycling.com\/es\/ciclismo-andalucia-rutas-en-bici-sierra-de-grazalema\/rutas-guiadas\/#primaryimage"},"thumbnailUrl":"https:\/\/www.grazalemacycling.com\/wp-content\/uploads\/2020\/05\/ton-aug-19-4-1024x683.jpg","datePublished":"2023-12-27T19:32:22+00:00","dateModified":"2026-02-19T19:38:07+00:00","description":"Reserva una ruta guiada y te ense\u00f1amos las mejores rutas en bici en la Sierra de Grazalema y sus alrededores (C\u00e1diz, Andaluc\u00eda).","breadcrumb":{"@id":"https:\/\/www.grazalemacycling.com\/es\/ciclismo-andalucia-rutas-en-bici-sierra-de-grazalema\/rutas-guiadas\/#breadcrumb"},"inLanguage":"es","potentialAction":[{"@type":"ReadAction","target":["https:\/\/www.grazalemacycling.com\/es\/ciclismo-andalucia-rutas-en-bici-sierra-de-grazalema\/rutas-guiadas\/"]}]},{"@type":"ImageObject","inLanguage":"es","@id":"https:\/\/www.grazalemacycling.com\/es\/ciclismo-andalucia-rutas-en-bici-sierra-de-grazalema\/rutas-guiadas\/#primaryimage","url":"https:\/\/www.grazalemacycling.com\/wp-content\/uploads\/2020\/05\/ton-aug-19-4-1024x683.jpg","contentUrl":"https:\/\/www.grazalemacycling.com\/wp-content\/uploads\/2020\/05\/ton-aug-19-4-1024x683.jpg"},{"@type":"BreadcrumbList","@id":"https:\/\/www.grazalemacycling.com\/es\/ciclismo-andalucia-rutas-en-bici-sierra-de-grazalema\/rutas-guiadas\/#breadcrumb","itemListElement":[{"@type":"ListItem","position":1,"name":"Home","item":"https:\/\/www.grazalemacycling.com\/es\/"},{"@type":"ListItem","position":2,"name":"Ciclismo en Andaluc\u00eda: Rutas en bici por la Sierra de Grazalema","item":"https:\/\/www.grazalemacycling.com\/es\/ciclismo-andalucia-rutas-en-bici-sierra-de-grazalema\/"},{"@type":"ListItem","position":3,"name":"Ruta guiada en la Sierra de Grazalema (C\u00e1diz, Andaluc\u00eda)"}]},{"@type":"WebSite","@id":"https:\/\/www.grazalemacycling.com\/es\/#website","url":"https:\/\/www.grazalemacycling.com\/es\/","name":"Grazalema Cycling Adventures","description":"Bike Rental, Guided Rides &amp; Routes","publisher":{"@id":"https:\/\/www.grazalemacycling.com\/es\/#organization"},"potentialAction":[{"@type":"SearchAction","target":{"@type":"EntryPoint","urlTemplate":"https:\/\/www.grazalemacycling.com\/es\/?s={search_term_string}"},"query-input":{"@type":"PropertyValueSpecification","valueRequired":true,"valueName":"search_term_string"}}],"inLanguage":"es"},{"@type":"Organization","@id":"https:\/\/www.grazalemacycling.com\/es\/#organization","name":"Grazalema Cycling Adventures","url":"https:\/\/www.grazalemacycling.com\/es\/","logo":{"@type":"ImageObject","inLanguage":"es","@id":"https:\/\/www.grazalemacycling.com\/es\/#\/schema\/logo\/image\/","url":"https:\/\/www.grazalemacycling.com\/wp-content\/uploads\/2018\/12\/logo_web_retina-1.png","contentUrl":"https:\/\/www.grazalemacycling.com\/wp-content\/uploads\/2018\/12\/logo_web_retina-1.png","width":675,"height":161,"caption":"Grazalema Cycling Adventures"},"image":{"@id":"https:\/\/www.grazalemacycling.com\/es\/#\/schema\/logo\/image\/"},"sameAs":["https:\/\/www.facebook.com\/grazalemacycling\/","https:\/\/www.instagram.com\/grazalemacyclingadventures\/"]}]}},"uagb_featured_image_src":{"full":false,"thumbnail":false,"medium":false,"medium_large":false,"large":false,"1536x1536":false,"2048x2048":false,"be_thumbnail":false,"be_clients":false,"slider-content":false,"portfolio-mf":false,"portfolio-mf-w":false,"portfolio-mf-t":false,"portfolio-list":false,"blog-portfolio":false,"blog-single":false,"mobile-srcset":false,"woocommerce_thumbnail":false,"woocommerce_single":false,"woocommerce_gallery_thumbnail":false},"uagb_author_info":{"display_name":"Agnieta Francke","author_link":"https:\/\/www.grazalemacycling.com\/es\/author\/agnieta\/"},"uagb_comment_info":0,"uagb_excerpt":null,"_links":{"self":[{"href":"https:\/\/www.grazalemacycling.com\/es\/wp-json\/wp\/v2\/pages\/5719","targetHints":{"allow":["GET"]}}],"collection":[{"href":"https:\/\/www.grazalemacycling.com\/es\/wp-json\/wp\/v2\/pages"}],"about":[{"href":"https:\/\/www.grazalemacycling.com\/es\/wp-json\/wp\/v2\/types\/page"}],"author":[{"embeddable":true,"href":"https:\/\/www.grazalemacycling.com\/es\/wp-json\/wp\/v2\/users\/2"}],"replies":[{"embeddable":true,"href":"https:\/\/www.grazalemacycling.com\/es\/wp-json\/wp\/v2\/comments?post=5719"}],"version-history":[{"count":6,"href":"https:\/\/www.grazalemacycling.com\/es\/wp-json\/wp\/v2\/pages\/5719\/revisions"}],"predecessor-version":[{"id":6120,"href":"https:\/\/www.grazalemacycling.com\/es\/wp-json\/wp\/v2\/pages\/5719\/revisions\/6120"}],"up":[{"embeddable":true,"href":"https:\/\/www.grazalemacycling.com\/es\/wp-json\/wp\/v2\/pages\/5714"}],"wp:attachment":[{"href":"https:\/\/www.grazalemacycling.com\/es\/wp-json\/wp\/v2\/media?parent=5719"}],"curies":[{"name":"wp","href":"https:\/\/api.w.org\/{rel}","templated":true}]}}