{"id":5730,"date":"2023-12-27T19:34:43","date_gmt":"2023-12-27T19:34:43","guid":{"rendered":"https:\/\/www.grazalemacycling.com\/cycling-in-andalucia-bike-routes-guided-rides\/gps-bike-computer-with-navigation\/"},"modified":"2024-07-02T15:33:56","modified_gmt":"2024-07-02T15:33:56","slug":"gps-con-navegacion","status":"publish","type":"page","link":"https:\/\/www.grazalemacycling.com\/es\/ciclismo-andalucia-rutas-en-bici-sierra-de-grazalema\/gps-con-navegacion\/","title":{"rendered":"Dispositivo GPS con navegaci\u00f3n"},"content":{"rendered":"\n<div class=\"wp-block-cover is-light\"><span aria-hidden=\"true\" class=\"wp-block-cover__background has-background-dim-0 has-background-dim\"><\/span><div class=\"wp-block-cover__inner-container is-layout-flow wp-block-cover-is-layout-flow\">\n<div class=\"wp-block-group\"><div class=\"wp-block-group__inner-container is-layout-constrained wp-block-group-is-layout-constrained\">\n<div class=\"wp-block-columns is-layout-flex wp-container-core-columns-is-layout-9d6595d7 wp-block-columns-is-layout-flex\">\n<div class=\"wp-block-column is-vertically-aligned-center is-layout-flow wp-block-column-is-layout-flow\">\n<h4 class=\"wp-block-heading\">Dispositivo GPS con navegaci\u00f3n<\/h4>\n\n\n\n<p>Si quieres descubrir la Sierra de Grazalema y su alrededor en bici, estamos aqu\u00ed para ayudarte. Una forma de seguir una ruta en bici por esta parte impresionante de Andaluc\u00eda es alquilar un GPS. Con nuestros dispositivos GPS simplemente tienes seguir las flechas en la pantalla para ir de un pueblo blanco con encanto al siguiente. Rutas de bici de monta\u00f1a y para la bici de gravel tambi\u00e9n son mucho m\u00e1s f\u00e1ciles de seguir gracias a las instrucciones del GPS..<\/p>\n\n\n\n<h5 class=\"wp-block-heading\">Rutas adaptadas a tu nivel y ubicaci\u00f3n<\/h5>\n\n\n\n<p>Muchas veces nos preguntan si tenemos un mapa con las rutas de ciclismo en la Sierra de Grazalema (C\u00e1diz, Andaluc\u00eda). La respuesta es: no, no lo tenemos. Las opciones de rutas son muy variadas y tambi\u00e9n lo son las personas a las que recomendamos las rutas. No existe una \u00fanica ruta que es perfecta para todo, al menos no desde nuestro punto de vista. En cambio, preferimos escuchar tus preferencias y adaptar nuestras sugerencias a ellas.<\/p>\n\n\n\n<p>Cu\u00e9ntanos lo que te gustar\u00eda hacer y donde te gustar\u00eda empezar y terminar la ruta, y nosotros planificaremos una ruta que se adapte a tus preferencias tanto como el terreno nos lo permite. Una ruta de gravel larga, una ruta de cicloturismo al pueblo m\u00e1s cercano, una ruta de BTT corto pero intenso o una ruta de carretera recorriendo los puertos de monta\u00f1a de la Vuelta a Espa\u00f1a. Todo es posible y el GPS te indicar\u00e1 el camino.<\/p>\n<\/div>\n\n\n\n<div class=\"wp-block-column is-layout-flow wp-block-column-is-layout-flow\">\n<figure class=\"wp-block-gallery has-nested-images columns-default is-cropped wp-block-gallery-1 is-layout-flex wp-block-gallery-is-layout-flex\">\n<figure class=\"wp-block-image size-full is-style-default\"><a href=\"https:\/\/www.grazalemacycling.com\/wp-content\/uploads\/2020\/01\/20191225_141227-e1579365261939-scaled.jpg\"><img decoding=\"async\" data-id=\"974\" src=\"https:\/\/www.grazalemacycling.com\/wp-content\/uploads\/2020\/01\/20191225_141227-e1579365261939-scaled.jpg\" alt=\"Bryton Rider 450 GPS Navigation cycling routes Andaluc\u00eda\" class=\"wp-image-974\"\/><\/a><\/figure>\n<\/figure>\n<\/div>\n<\/div>\n<\/div><\/div>\n<\/div><\/div>\n\n\n\n<div class=\"wp-block-cover is-light\"><span aria-hidden=\"true\" class=\"wp-block-cover__background has-cyan-bluish-gray-background-color has-background-dim-10 has-background-dim\"><\/span><div class=\"wp-block-cover__inner-container is-layout-flow wp-block-cover-is-layout-flow\">\n<div class=\"wp-block-columns is-layout-flex wp-container-core-columns-is-layout-9d6595d7 wp-block-columns-is-layout-flex\">\n<div class=\"wp-block-column is-layout-flow wp-block-column-is-layout-flow\">\n<h5 class=\"wp-block-heading\">Todos los datos que necesitas<\/h5>\n\n\n\n<p>Si usas una cinta de puls\u00f3metro con conexi\u00f3n Bluetooth o ANT+ el <a href=\"https:\/\/www.brytonsport.com\/download\/Manual\/UM\/Rider450\/Rider450_UM_Spanish_20181026.pdf\" target=\"_blank\" rel=\"noreferrer noopener\">Bryton Rider 450<\/a> autom\u00e1ticamente reconocer\u00e1 la se\u00f1al. Si despu\u00e9s de tu ruta la quieres subir a <a href=\"http:\/\/strava.com\" target=\"_blank\" rel=\"noreferrer noopener\">Strava<\/a>, <a href=\"http:\/\/wikiloc.com\" target=\"_blank\" rel=\"noreferrer noopener\">Wikiloc<\/a> o <a href=\"http:\/\/komoot.com\" target=\"_blank\" rel=\"noreferrer noopener\">Komoot<\/a> tambi\u00e9n es posible con nuestros dispositivos GPS. Pero para decirte la verdad: te recomendamos no preocuparte demasiado sobre datos como distancia y velocidad promedia.<\/p>\n\n\n\n<p>Muchas de las rutas ciclistas por la Sierra de Grazalema tienen m\u00e1s desnivel que las rutas que nuestros clientes suelen hacer \u201cen casa\u201d. Por lo tanto, es normal que la velocidad media no sea la misma que la que sueles conseguir en tus rutas habituales. Quiz\u00e1s tampoco llegues a hacer distancias a las que est\u00e1s acostumbrado, pero eso simplemente es una consecuencia de practicar el ciclismo en la sierra. As\u00ed que no te preocupes si no llegas a la velocidad o distancia que sueles hacer. Adem\u00e1s, si te fijas mucho en la pantalla del dispositivo GPS es probable que mientras tanto te est\u00e9s perdiendo unas vistas incre\u00edbles.<\/p>\n<\/div>\n\n\n\n<div class=\"wp-block-column is-layout-flow wp-block-column-is-layout-flow\">\n<h5 class=\"wp-block-heading\">\u00bfPreparado para disfrutar?<\/h5>\n\n\n\n<p>Ponte en\u00a0<a href=\"https:\/\/www.grazalemacycling.com\/es\/contacto\/\">contacto<\/a> con nosotros si tienes alguna petici\u00f3n especial y tendremos el ciclo computador preparado para ti con una ruta personalizada. Los dispositivos son f\u00e1ciles de usar, as\u00ed que con unas instrucciones breves estar\u00e1s preparado para salir. Seguir una ruta en bicicleta por la Sierra de Grazalema y sus alrededores (C\u00e1diz, Andaluc\u00eda) ser\u00e1 un juego de ni\u00f1os.<\/p>\n<\/div>\n<\/div>\n<\/div><\/div>\n\n\n\n<div class=\"wp-block-cover is-light\"><span aria-hidden=\"true\" class=\"wp-block-cover__background has-background-dim-0 has-background-dim\"><\/span><div class=\"wp-block-cover__inner-container is-layout-flow wp-block-cover-is-layout-flow\">\n<div class=\"wp-block-group\"><div class=\"wp-block-group__inner-container is-layout-constrained wp-block-group-is-layout-constrained\">\n<div class=\"wp-block-columns is-layout-flex wp-container-core-columns-is-layout-9d6595d7 wp-block-columns-is-layout-flex\">\n<div class=\"wp-block-column is-layout-flow wp-block-column-is-layout-flow\">\n<h5 class=\"wp-block-heading has-black-color has-text-color\">Caracter\u00edsticas<\/h5>\n\n\n\n<ul class=\"has-ffffff-background-color has-background wp-block-list\">\n<li>GPS con rutas precargadas<\/li>\n\n\n\n<li>Hace que la navegaci\u00f3n sea muy sencilla<\/li>\n\n\n\n<li>Rutas adaptadas a tus deseos y capacidades<\/li>\n\n\n\n<li>Posibilidad de adaptar la ubicaci\u00f3n del inicio\/final de la ruta<\/li>\n<\/ul>\n\n\n\n<div class=\"wp-block-buttons is-layout-flex wp-block-buttons-is-layout-flex\">\n<div class=\"wp-block-button\"><a class=\"wp-block-button__link wp-element-button\" href=\"https:\/\/www.grazalemacycling.com\/es\/contacto\/\">Reservar<\/a><\/div>\n<\/div>\n<\/div>\n\n\n\n<div class=\"wp-block-column is-layout-flow wp-block-column-is-layout-flow\">\n<figure class=\"wp-block-table is-style-stripes\"><table><thead><tr><th>Precios GPS con navegaci\u00f3n 2024<\/th><th>Precio\/dispositivo\/d\u00eda<\/th><\/tr><\/thead><tbody><tr><td>1 o 2 d\u00edas<\/td><td>5,00\u20ac<\/td><\/tr><tr><td>3 o 4 d\u00edas<\/td><td>4,50\u20ac<\/td><\/tr><tr><td>5 o 6 d\u00edas<\/td><td>4,25\u20ac<\/td><\/tr><tr><td>7 d\u00edas o m\u00e1s<\/td><td>4,00\u20ac<\/td><\/tr><tr><td>10 d\u00edas o m\u00e1s<\/td><td>3,75\u20ac<\/td><\/tr><tr><td>14 d\u00edas o m\u00e1s<\/td><td>3,50\u20ac<\/td><\/tr><\/tbody><\/table><\/figure>\n<\/div>\n<\/div>\n<\/div><\/div>\n<\/div><\/div>\n","protected":false},"excerpt":{"rendered":"","protected":false},"author":2,"featured_media":0,"parent":5714,"menu_order":0,"comment_status":"closed","ping_status":"closed","template":"","meta":{"_uag_custom_page_level_css":"","footnotes":""},"class_list":["post-5730","page","type-page","status-publish","hentry"],"yoast_head":"<!-- This site is optimized with the Yoast SEO plugin v26.6 - https:\/\/yoast.com\/wordpress\/plugins\/seo\/ -->\n<title>Dispositivo GPS con navegaci\u00f3n<\/title>\n<meta name=\"description\" content=\"Rent a GPS bike computer with navigation &amp; follow a beautiful cycling\/MTB route through the Sierra de Grazalema and surroundings (Andalucia).\" \/>\n<meta name=\"robots\" content=\"index, follow, max-snippet:-1, max-image-preview:large, max-video-preview:-1\" \/>\n<link rel=\"canonical\" href=\"https:\/\/www.grazalemacycling.com\/es\/ciclismo-andalucia-rutas-en-bici-sierra-de-grazalema\/gps-con-navegacion\/\" \/>\n<meta property=\"og:locale\" content=\"es_ES\" \/>\n<meta property=\"og:type\" content=\"article\" \/>\n<meta property=\"og:title\" content=\"Dispositivo GPS con navegaci\u00f3n\" \/>\n<meta property=\"og:description\" content=\"Rent a GPS bike computer with navigation &amp; follow a beautiful cycling\/MTB route through the Sierra de Grazalema and surroundings (Andalucia).\" \/>\n<meta property=\"og:url\" content=\"https:\/\/www.grazalemacycling.com\/es\/ciclismo-andalucia-rutas-en-bici-sierra-de-grazalema\/gps-con-navegacion\/\" \/>\n<meta property=\"og:site_name\" content=\"Grazalema Cycling Adventures\" \/>\n<meta property=\"article:publisher\" content=\"https:\/\/www.facebook.com\/grazalemacycling\/\" \/>\n<meta property=\"article:modified_time\" content=\"2024-07-02T15:33:56+00:00\" \/>\n<meta property=\"og:image\" content=\"https:\/\/www.grazalemacycling.com\/wp-content\/uploads\/2020\/01\/20191225_141227-e1579365261939-scaled.jpg\" \/>\n<meta name=\"twitter:card\" content=\"summary_large_image\" \/>\n<meta name=\"twitter:label1\" content=\"Tiempo de lectura\" \/>\n\t<meta name=\"twitter:data1\" content=\"3 minutos\" \/>\n<script type=\"application\/ld+json\" class=\"yoast-schema-graph\">{\"@context\":\"https:\/\/schema.org\",\"@graph\":[{\"@type\":\"WebPage\",\"@id\":\"https:\/\/www.grazalemacycling.com\/es\/ciclismo-andalucia-rutas-en-bici-sierra-de-grazalema\/gps-con-navegacion\/\",\"url\":\"https:\/\/www.grazalemacycling.com\/es\/ciclismo-andalucia-rutas-en-bici-sierra-de-grazalema\/gps-con-navegacion\/\",\"name\":\"Dispositivo GPS con navegaci\u00f3n\",\"isPartOf\":{\"@id\":\"https:\/\/www.grazalemacycling.com\/es\/#website\"},\"primaryImageOfPage\":{\"@id\":\"https:\/\/www.grazalemacycling.com\/es\/ciclismo-andalucia-rutas-en-bici-sierra-de-grazalema\/gps-con-navegacion\/#primaryimage\"},\"image\":{\"@id\":\"https:\/\/www.grazalemacycling.com\/es\/ciclismo-andalucia-rutas-en-bici-sierra-de-grazalema\/gps-con-navegacion\/#primaryimage\"},\"thumbnailUrl\":\"https:\/\/www.grazalemacycling.com\/wp-content\/uploads\/2020\/01\/20191225_141227-e1579365261939-scaled.jpg\",\"datePublished\":\"2023-12-27T19:34:43+00:00\",\"dateModified\":\"2024-07-02T15:33:56+00:00\",\"description\":\"Rent a GPS bike computer with navigation & follow a beautiful cycling\/MTB route through the Sierra de Grazalema and surroundings (Andalucia).\",\"breadcrumb\":{\"@id\":\"https:\/\/www.grazalemacycling.com\/es\/ciclismo-andalucia-rutas-en-bici-sierra-de-grazalema\/gps-con-navegacion\/#breadcrumb\"},\"inLanguage\":\"es\",\"potentialAction\":[{\"@type\":\"ReadAction\",\"target\":[\"https:\/\/www.grazalemacycling.com\/es\/ciclismo-andalucia-rutas-en-bici-sierra-de-grazalema\/gps-con-navegacion\/\"]}]},{\"@type\":\"ImageObject\",\"inLanguage\":\"es\",\"@id\":\"https:\/\/www.grazalemacycling.com\/es\/ciclismo-andalucia-rutas-en-bici-sierra-de-grazalema\/gps-con-navegacion\/#primaryimage\",\"url\":\"https:\/\/www.grazalemacycling.com\/wp-content\/uploads\/2020\/01\/20191225_141227-e1579365261939-scaled.jpg\",\"contentUrl\":\"https:\/\/www.grazalemacycling.com\/wp-content\/uploads\/2020\/01\/20191225_141227-e1579365261939-scaled.jpg\"},{\"@type\":\"BreadcrumbList\",\"@id\":\"https:\/\/www.grazalemacycling.com\/es\/ciclismo-andalucia-rutas-en-bici-sierra-de-grazalema\/gps-con-navegacion\/#breadcrumb\",\"itemListElement\":[{\"@type\":\"ListItem\",\"position\":1,\"name\":\"Home\",\"item\":\"https:\/\/www.grazalemacycling.com\/es\/\"},{\"@type\":\"ListItem\",\"position\":2,\"name\":\"Ciclismo en Andaluc\u00eda: Rutas en bici por la Sierra de Grazalema\",\"item\":\"https:\/\/www.grazalemacycling.com\/es\/ciclismo-andalucia-rutas-en-bici-sierra-de-grazalema\/\"},{\"@type\":\"ListItem\",\"position\":3,\"name\":\"Dispositivo GPS con navegaci\u00f3n\"}]},{\"@type\":\"WebSite\",\"@id\":\"https:\/\/www.grazalemacycling.com\/es\/#website\",\"url\":\"https:\/\/www.grazalemacycling.com\/es\/\",\"name\":\"Grazalema Cycling Adventures\",\"description\":\"Bike Rental, Guided Rides &amp; Routes\",\"publisher\":{\"@id\":\"https:\/\/www.grazalemacycling.com\/es\/#organization\"},\"potentialAction\":[{\"@type\":\"SearchAction\",\"target\":{\"@type\":\"EntryPoint\",\"urlTemplate\":\"https:\/\/www.grazalemacycling.com\/es\/?s={search_term_string}\"},\"query-input\":{\"@type\":\"PropertyValueSpecification\",\"valueRequired\":true,\"valueName\":\"search_term_string\"}}],\"inLanguage\":\"es\"},{\"@type\":\"Organization\",\"@id\":\"https:\/\/www.grazalemacycling.com\/es\/#organization\",\"name\":\"Grazalema Cycling Adventures\",\"url\":\"https:\/\/www.grazalemacycling.com\/es\/\",\"logo\":{\"@type\":\"ImageObject\",\"inLanguage\":\"es\",\"@id\":\"https:\/\/www.grazalemacycling.com\/es\/#\/schema\/logo\/image\/\",\"url\":\"https:\/\/www.grazalemacycling.com\/wp-content\/uploads\/2018\/12\/logo_web_retina-1.png\",\"contentUrl\":\"https:\/\/www.grazalemacycling.com\/wp-content\/uploads\/2018\/12\/logo_web_retina-1.png\",\"width\":675,\"height\":161,\"caption\":\"Grazalema Cycling Adventures\"},\"image\":{\"@id\":\"https:\/\/www.grazalemacycling.com\/es\/#\/schema\/logo\/image\/\"},\"sameAs\":[\"https:\/\/www.facebook.com\/grazalemacycling\/\",\"https:\/\/www.instagram.com\/grazalemacyclingadventures\/\"]}]}<\/script>\n<!-- \/ Yoast SEO plugin. -->","yoast_head_json":{"title":"Dispositivo GPS con navegaci\u00f3n","description":"Rent a GPS bike computer with navigation & follow a beautiful cycling\/MTB route through the Sierra de Grazalema and surroundings (Andalucia).","robots":{"index":"index","follow":"follow","max-snippet":"max-snippet:-1","max-image-preview":"max-image-preview:large","max-video-preview":"max-video-preview:-1"},"canonical":"https:\/\/www.grazalemacycling.com\/es\/ciclismo-andalucia-rutas-en-bici-sierra-de-grazalema\/gps-con-navegacion\/","og_locale":"es_ES","og_type":"article","og_title":"Dispositivo GPS con navegaci\u00f3n","og_description":"Rent a GPS bike computer with navigation & follow a beautiful cycling\/MTB route through the Sierra de Grazalema and surroundings (Andalucia).","og_url":"https:\/\/www.grazalemacycling.com\/es\/ciclismo-andalucia-rutas-en-bici-sierra-de-grazalema\/gps-con-navegacion\/","og_site_name":"Grazalema Cycling Adventures","article_publisher":"https:\/\/www.facebook.com\/grazalemacycling\/","article_modified_time":"2024-07-02T15:33:56+00:00","og_image":[{"url":"https:\/\/www.grazalemacycling.com\/wp-content\/uploads\/2020\/01\/20191225_141227-e1579365261939-scaled.jpg","type":"","width":"","height":""}],"twitter_card":"summary_large_image","twitter_misc":{"Tiempo de lectura":"3 minutos"},"schema":{"@context":"https:\/\/schema.org","@graph":[{"@type":"WebPage","@id":"https:\/\/www.grazalemacycling.com\/es\/ciclismo-andalucia-rutas-en-bici-sierra-de-grazalema\/gps-con-navegacion\/","url":"https:\/\/www.grazalemacycling.com\/es\/ciclismo-andalucia-rutas-en-bici-sierra-de-grazalema\/gps-con-navegacion\/","name":"Dispositivo GPS con navegaci\u00f3n","isPartOf":{"@id":"https:\/\/www.grazalemacycling.com\/es\/#website"},"primaryImageOfPage":{"@id":"https:\/\/www.grazalemacycling.com\/es\/ciclismo-andalucia-rutas-en-bici-sierra-de-grazalema\/gps-con-navegacion\/#primaryimage"},"image":{"@id":"https:\/\/www.grazalemacycling.com\/es\/ciclismo-andalucia-rutas-en-bici-sierra-de-grazalema\/gps-con-navegacion\/#primaryimage"},"thumbnailUrl":"https:\/\/www.grazalemacycling.com\/wp-content\/uploads\/2020\/01\/20191225_141227-e1579365261939-scaled.jpg","datePublished":"2023-12-27T19:34:43+00:00","dateModified":"2024-07-02T15:33:56+00:00","description":"Rent a GPS bike computer with navigation & follow a beautiful cycling\/MTB route through the Sierra de Grazalema and surroundings (Andalucia).","breadcrumb":{"@id":"https:\/\/www.grazalemacycling.com\/es\/ciclismo-andalucia-rutas-en-bici-sierra-de-grazalema\/gps-con-navegacion\/#breadcrumb"},"inLanguage":"es","potentialAction":[{"@type":"ReadAction","target":["https:\/\/www.grazalemacycling.com\/es\/ciclismo-andalucia-rutas-en-bici-sierra-de-grazalema\/gps-con-navegacion\/"]}]},{"@type":"ImageObject","inLanguage":"es","@id":"https:\/\/www.grazalemacycling.com\/es\/ciclismo-andalucia-rutas-en-bici-sierra-de-grazalema\/gps-con-navegacion\/#primaryimage","url":"https:\/\/www.grazalemacycling.com\/wp-content\/uploads\/2020\/01\/20191225_141227-e1579365261939-scaled.jpg","contentUrl":"https:\/\/www.grazalemacycling.com\/wp-content\/uploads\/2020\/01\/20191225_141227-e1579365261939-scaled.jpg"},{"@type":"BreadcrumbList","@id":"https:\/\/www.grazalemacycling.com\/es\/ciclismo-andalucia-rutas-en-bici-sierra-de-grazalema\/gps-con-navegacion\/#breadcrumb","itemListElement":[{"@type":"ListItem","position":1,"name":"Home","item":"https:\/\/www.grazalemacycling.com\/es\/"},{"@type":"ListItem","position":2,"name":"Ciclismo en Andaluc\u00eda: Rutas en bici por la Sierra de Grazalema","item":"https:\/\/www.grazalemacycling.com\/es\/ciclismo-andalucia-rutas-en-bici-sierra-de-grazalema\/"},{"@type":"ListItem","position":3,"name":"Dispositivo GPS con navegaci\u00f3n"}]},{"@type":"WebSite","@id":"https:\/\/www.grazalemacycling.com\/es\/#website","url":"https:\/\/www.grazalemacycling.com\/es\/","name":"Grazalema Cycling Adventures","description":"Bike Rental, Guided Rides &amp; Routes","publisher":{"@id":"https:\/\/www.grazalemacycling.com\/es\/#organization"},"potentialAction":[{"@type":"SearchAction","target":{"@type":"EntryPoint","urlTemplate":"https:\/\/www.grazalemacycling.com\/es\/?s={search_term_string}"},"query-input":{"@type":"PropertyValueSpecification","valueRequired":true,"valueName":"search_term_string"}}],"inLanguage":"es"},{"@type":"Organization","@id":"https:\/\/www.grazalemacycling.com\/es\/#organization","name":"Grazalema Cycling Adventures","url":"https:\/\/www.grazalemacycling.com\/es\/","logo":{"@type":"ImageObject","inLanguage":"es","@id":"https:\/\/www.grazalemacycling.com\/es\/#\/schema\/logo\/image\/","url":"https:\/\/www.grazalemacycling.com\/wp-content\/uploads\/2018\/12\/logo_web_retina-1.png","contentUrl":"https:\/\/www.grazalemacycling.com\/wp-content\/uploads\/2018\/12\/logo_web_retina-1.png","width":675,"height":161,"caption":"Grazalema Cycling Adventures"},"image":{"@id":"https:\/\/www.grazalemacycling.com\/es\/#\/schema\/logo\/image\/"},"sameAs":["https:\/\/www.facebook.com\/grazalemacycling\/","https:\/\/www.instagram.com\/grazalemacyclingadventures\/"]}]}},"uagb_featured_image_src":{"full":false,"thumbnail":false,"medium":false,"medium_large":false,"large":false,"1536x1536":false,"2048x2048":false,"be_thumbnail":false,"be_clients":false,"slider-content":false,"portfolio-mf":false,"portfolio-mf-w":false,"portfolio-mf-t":false,"portfolio-list":false,"blog-portfolio":false,"blog-single":false,"mobile-srcset":false,"woocommerce_thumbnail":false,"woocommerce_single":false,"woocommerce_gallery_thumbnail":false},"uagb_author_info":{"display_name":"Agnieta Francke","author_link":"https:\/\/www.grazalemacycling.com\/es\/author\/agnieta\/"},"uagb_comment_info":0,"uagb_excerpt":null,"_links":{"self":[{"href":"https:\/\/www.grazalemacycling.com\/es\/wp-json\/wp\/v2\/pages\/5730","targetHints":{"allow":["GET"]}}],"collection":[{"href":"https:\/\/www.grazalemacycling.com\/es\/wp-json\/wp\/v2\/pages"}],"about":[{"href":"https:\/\/www.grazalemacycling.com\/es\/wp-json\/wp\/v2\/types\/page"}],"author":[{"embeddable":true,"href":"https:\/\/www.grazalemacycling.com\/es\/wp-json\/wp\/v2\/users\/2"}],"replies":[{"embeddable":true,"href":"https:\/\/www.grazalemacycling.com\/es\/wp-json\/wp\/v2\/comments?post=5730"}],"version-history":[{"count":4,"href":"https:\/\/www.grazalemacycling.com\/es\/wp-json\/wp\/v2\/pages\/5730\/revisions"}],"predecessor-version":[{"id":5810,"href":"https:\/\/www.grazalemacycling.com\/es\/wp-json\/wp\/v2\/pages\/5730\/revisions\/5810"}],"up":[{"embeddable":true,"href":"https:\/\/www.grazalemacycling.com\/es\/wp-json\/wp\/v2\/pages\/5714"}],"wp:attachment":[{"href":"https:\/\/www.grazalemacycling.com\/es\/wp-json\/wp\/v2\/media?parent=5730"}],"curies":[{"name":"wp","href":"https:\/\/api.w.org\/{rel}","templated":true}]}}