{"id":5736,"date":"2023-12-27T19:54:33","date_gmt":"2023-12-27T19:54:33","guid":{"rendered":"https:\/\/www.grazalemacycling.com\/cycling-in-andalucia-bike-routes-guided-rides\/personalized-cycle-routes\/"},"modified":"2024-07-04T12:15:35","modified_gmt":"2024-07-04T12:15:35","slug":"rutas-en-bici-autoguiadas","status":"publish","type":"page","link":"https:\/\/www.grazalemacycling.com\/es\/ciclismo-andalucia-rutas-en-bici-sierra-de-grazalema\/rutas-en-bici-autoguiadas\/","title":{"rendered":"Rutas de ciclismo personalizadas y autoguiadas"},"content":{"rendered":"\n<div class=\"wp-block-cover is-light\"><span aria-hidden=\"true\" class=\"wp-block-cover__background has-background-dim-0 has-background-dim\"><\/span><div class=\"wp-block-cover__inner-container is-layout-flow wp-block-cover-is-layout-flow\">\n<div class=\"wp-block-group\"><div class=\"wp-block-group__inner-container is-layout-constrained wp-block-group-is-layout-constrained\">\n<div class=\"wp-block-columns is-layout-flex wp-container-core-columns-is-layout-9d6595d7 wp-block-columns-is-layout-flex\">\n<div class=\"wp-block-column is-vertically-aligned-center is-layout-flow wp-block-column-is-layout-flow\">\n<h4 class=\"wp-block-heading\">Rutas en bici autoguiadas<\/h4>\n\n\n\n<p>Tanto si alquilas una bicicleta como si has tra\u00eddo la tuya, seguramente buscas una bonita ruta de ciclismo por la Sierra de Grazalema. \u00bfY qu\u00e9 mejor consejo que el de los Grazaleme\u00f1os que saben exactamente qu\u00e9 senderos y carreteras son los m\u00e1s divertidos para ir en bici?<\/p>\n\n\n\n<p>Puedes alquilar un <a href=\"https:\/\/www.grazalemacycling.com\/es\/ciclismo-andalucia-rutas-en-bici-sierra-de-grazalema-nuevo\/gps-con-navegacion\/\">GPS con navegaci\u00f3n<\/a> o reservar una <a href=\"https:\/\/www.grazalemacycling.com\/es\/ciclismo-andalucia-rutas-en-bici-sierra-de-grazalema-nuevo\/rutas-guiadas\/\">ruta guiada<\/a>. Pero si tienes tu propio ciclo computador con navegaci\u00f3n (Garmin, Wahoo, etc.) o una aplicaci\u00f3n en el m\u00f3vil para seguir rutas, como Strava, Wikiloc, Komoot, o simplemente <a href=\"https:\/\/maps.app.goo.gl\/ZrkfgQbATnTfaYzk7\" target=\"_blank\" rel=\"noreferrer noopener\">Google Maps<\/a>, tambi\u00e9n podemos ayudarte. <\/p>\n\n\n\n<p>Cu\u00e9ntanos qu\u00e9 distancia, desnivel y\/o duraci\u00f3n te gustar\u00eda que tuviera tu ruta en bici por la Sierra de Grazalema, aproximadamente. A continuaci\u00f3n, planificaremos una ruta de ciclismo que se ajuste a tus deseos tanto como nos lo permita el terreno de la Sierra de C\u00e1diz. Y compartiremos nuestra recomendaci\u00f3n en el formato que m\u00e1s te convenga: como archivo GPX o como enlace a la ruta en Strava, Wikiloc, etc. <\/p>\n<\/div>\n\n\n\n<div class=\"wp-block-column is-layout-flow wp-block-column-is-layout-flow\">\n<figure class=\"wp-block-gallery has-nested-images columns-default is-cropped wp-block-gallery-1 is-layout-flex wp-block-gallery-is-layout-flex\">\n<figure class=\"wp-block-image size-full is-style-default\"><a href=\"https:\/\/www.grazalemacycling.com\/wp-content\/uploads\/2023\/12\/0D0A1416-scaled.jpg\"><img loading=\"lazy\" decoding=\"async\" width=\"2560\" height=\"1707\" data-id=\"5617\" src=\"https:\/\/www.grazalemacycling.com\/wp-content\/uploads\/2023\/12\/0D0A1416-scaled.jpg\" alt=\"\" class=\"wp-image-5617\" srcset=\"https:\/\/www.grazalemacycling.com\/wp-content\/uploads\/2023\/12\/0D0A1416-scaled.jpg 2560w, https:\/\/www.grazalemacycling.com\/wp-content\/uploads\/2023\/12\/0D0A1416-300x200.jpg 300w, https:\/\/www.grazalemacycling.com\/wp-content\/uploads\/2023\/12\/0D0A1416-1024x683.jpg 1024w, https:\/\/www.grazalemacycling.com\/wp-content\/uploads\/2023\/12\/0D0A1416-768x512.jpg 768w, https:\/\/www.grazalemacycling.com\/wp-content\/uploads\/2023\/12\/0D0A1416-1536x1024.jpg 1536w, https:\/\/www.grazalemacycling.com\/wp-content\/uploads\/2023\/12\/0D0A1416-2048x1365.jpg 2048w, https:\/\/www.grazalemacycling.com\/wp-content\/uploads\/2023\/12\/0D0A1416-113x75.jpg 113w, https:\/\/www.grazalemacycling.com\/wp-content\/uploads\/2023\/12\/0D0A1416-480x320.jpg 480w, https:\/\/www.grazalemacycling.com\/wp-content\/uploads\/2023\/12\/0D0A1416-800x533.jpg 800w\" sizes=\"auto, (max-width:767px) 480px, (max-width:2560px) 100vw, 2560px\" \/><\/a><\/figure>\n<\/figure>\n<\/div>\n<\/div>\n<\/div><\/div>\n<\/div><\/div>\n\n\n\n<div class=\"wp-block-cover is-light\"><span aria-hidden=\"true\" class=\"wp-block-cover__background has-background-dim-0 has-background-dim\"><\/span><div class=\"wp-block-cover__inner-container is-layout-flow wp-block-cover-is-layout-flow\">\n<div class=\"wp-block-group\"><div class=\"wp-block-group__inner-container is-layout-constrained wp-block-group-is-layout-constrained\">\n<div class=\"wp-block-columns is-layout-flex wp-container-core-columns-is-layout-9d6595d7 wp-block-columns-is-layout-flex\">\n<div class=\"wp-block-column is-layout-flow wp-block-column-is-layout-flow\">\n<h5 class=\"wp-block-heading has-black-color has-text-color\">Caracter\u00edsticas<\/h5>\n\n\n\n<ul class=\"has-ffffff-background-color has-background wp-block-list\">\n<li>Asesoramiento personalizado de rutas de ciclismo<\/li>\n\n\n\n<li>Adaptado a tus deseos y capacidades <\/li>\n\n\n\n<li>Se puede adaptar la ubicaci\u00f3n de inicio y final de la ruta <\/li>\n\n\n\n<li>Sugerencia compartida como archivo GPX o enlace a la ruta en Strava, Wikiloc, etc. <\/li>\n<\/ul>\n\n\n\n<div class=\"wp-block-buttons is-layout-flex wp-block-buttons-is-layout-flex\">\n<div class=\"wp-block-button\"><a class=\"wp-block-button__link wp-element-button\" href=\"https:\/\/www.grazalemacycling.com\/es\/contacto\/\">Contacta con nosotros<\/a><\/div>\n<\/div>\n<\/div>\n\n\n\n<div class=\"wp-block-column is-layout-flow wp-block-column-is-layout-flow\">\n<figure class=\"wp-block-table is-style-stripes\"><table><thead><tr><th>Precios rutas personalizados<\/th><th>Precio\/ruta*<\/th><\/tr><\/thead><tbody><tr><td>Sin alquiler bicicleta(s)<\/td><td>\u20ac5.00<\/td><\/tr><tr><td>Con alquiler bicicleta(s)<\/td><td>Sin coste<\/td><\/tr><\/tbody><\/table><figcaption class=\"wp-element-caption\">*Precio v\u00e1lido para rutas dentro de la Sierra de C\u00e1diz. Para rutas personalizadas fuera de esta zona, cont\u00e1ctanos para obtener presupuesto. <\/figcaption><\/figure>\n<\/div>\n<\/div>\n<\/div><\/div>\n<\/div><\/div>\n","protected":false},"excerpt":{"rendered":"","protected":false},"author":2,"featured_media":0,"parent":5714,"menu_order":0,"comment_status":"closed","ping_status":"closed","template":"","meta":{"_uag_custom_page_level_css":"","footnotes":""},"class_list":["post-5736","page","type-page","status-publish","hentry"],"yoast_head":"<!-- This site is optimized with the Yoast SEO plugin v26.6 - https:\/\/yoast.com\/wordpress\/plugins\/seo\/ -->\n<title>Rutas de ciclismo personalizadas y autoguiadas<\/title>\n<meta name=\"robots\" content=\"index, follow, max-snippet:-1, max-image-preview:large, max-video-preview:-1\" \/>\n<link rel=\"canonical\" href=\"https:\/\/www.grazalemacycling.com\/es\/ciclismo-andalucia-rutas-en-bici-sierra-de-grazalema\/rutas-en-bici-autoguiadas\/\" \/>\n<meta property=\"og:locale\" content=\"es_ES\" \/>\n<meta property=\"og:type\" content=\"article\" \/>\n<meta property=\"og:title\" content=\"Rutas de ciclismo personalizadas y autoguiadas\" \/>\n<meta property=\"og:url\" content=\"https:\/\/www.grazalemacycling.com\/es\/ciclismo-andalucia-rutas-en-bici-sierra-de-grazalema\/rutas-en-bici-autoguiadas\/\" \/>\n<meta property=\"og:site_name\" content=\"Grazalema Cycling Adventures\" \/>\n<meta property=\"article:publisher\" content=\"https:\/\/www.facebook.com\/grazalemacycling\/\" \/>\n<meta property=\"article:modified_time\" content=\"2024-07-04T12:15:35+00:00\" \/>\n<meta property=\"og:image\" content=\"https:\/\/www.grazalemacycling.com\/wp-content\/uploads\/2023\/12\/0D0A1416-scaled.jpg\" \/>\n<meta name=\"twitter:card\" content=\"summary_large_image\" \/>\n<meta name=\"twitter:label1\" content=\"Tiempo de lectura\" \/>\n\t<meta name=\"twitter:data1\" content=\"2 minutos\" \/>\n<script type=\"application\/ld+json\" class=\"yoast-schema-graph\">{\"@context\":\"https:\/\/schema.org\",\"@graph\":[{\"@type\":\"WebPage\",\"@id\":\"https:\/\/www.grazalemacycling.com\/es\/ciclismo-andalucia-rutas-en-bici-sierra-de-grazalema\/rutas-en-bici-autoguiadas\/\",\"url\":\"https:\/\/www.grazalemacycling.com\/es\/ciclismo-andalucia-rutas-en-bici-sierra-de-grazalema\/rutas-en-bici-autoguiadas\/\",\"name\":\"Rutas de ciclismo personalizadas y autoguiadas\",\"isPartOf\":{\"@id\":\"https:\/\/www.grazalemacycling.com\/es\/#website\"},\"primaryImageOfPage\":{\"@id\":\"https:\/\/www.grazalemacycling.com\/es\/ciclismo-andalucia-rutas-en-bici-sierra-de-grazalema\/rutas-en-bici-autoguiadas\/#primaryimage\"},\"image\":{\"@id\":\"https:\/\/www.grazalemacycling.com\/es\/ciclismo-andalucia-rutas-en-bici-sierra-de-grazalema\/rutas-en-bici-autoguiadas\/#primaryimage\"},\"thumbnailUrl\":\"https:\/\/www.grazalemacycling.com\/wp-content\/uploads\/2023\/12\/0D0A1416-scaled.jpg\",\"datePublished\":\"2023-12-27T19:54:33+00:00\",\"dateModified\":\"2024-07-04T12:15:35+00:00\",\"breadcrumb\":{\"@id\":\"https:\/\/www.grazalemacycling.com\/es\/ciclismo-andalucia-rutas-en-bici-sierra-de-grazalema\/rutas-en-bici-autoguiadas\/#breadcrumb\"},\"inLanguage\":\"es\",\"potentialAction\":[{\"@type\":\"ReadAction\",\"target\":[\"https:\/\/www.grazalemacycling.com\/es\/ciclismo-andalucia-rutas-en-bici-sierra-de-grazalema\/rutas-en-bici-autoguiadas\/\"]}]},{\"@type\":\"ImageObject\",\"inLanguage\":\"es\",\"@id\":\"https:\/\/www.grazalemacycling.com\/es\/ciclismo-andalucia-rutas-en-bici-sierra-de-grazalema\/rutas-en-bici-autoguiadas\/#primaryimage\",\"url\":\"https:\/\/www.grazalemacycling.com\/wp-content\/uploads\/2023\/12\/0D0A1416-scaled.jpg\",\"contentUrl\":\"https:\/\/www.grazalemacycling.com\/wp-content\/uploads\/2023\/12\/0D0A1416-scaled.jpg\"},{\"@type\":\"BreadcrumbList\",\"@id\":\"https:\/\/www.grazalemacycling.com\/es\/ciclismo-andalucia-rutas-en-bici-sierra-de-grazalema\/rutas-en-bici-autoguiadas\/#breadcrumb\",\"itemListElement\":[{\"@type\":\"ListItem\",\"position\":1,\"name\":\"Home\",\"item\":\"https:\/\/www.grazalemacycling.com\/es\/\"},{\"@type\":\"ListItem\",\"position\":2,\"name\":\"Ciclismo en Andaluc\u00eda: Rutas en bici por la Sierra de Grazalema\",\"item\":\"https:\/\/www.grazalemacycling.com\/es\/ciclismo-andalucia-rutas-en-bici-sierra-de-grazalema\/\"},{\"@type\":\"ListItem\",\"position\":3,\"name\":\"Rutas de ciclismo personalizadas y autoguiadas\"}]},{\"@type\":\"WebSite\",\"@id\":\"https:\/\/www.grazalemacycling.com\/es\/#website\",\"url\":\"https:\/\/www.grazalemacycling.com\/es\/\",\"name\":\"Grazalema Cycling Adventures\",\"description\":\"Bike Rental, Guided Rides &amp; Routes\",\"publisher\":{\"@id\":\"https:\/\/www.grazalemacycling.com\/es\/#organization\"},\"potentialAction\":[{\"@type\":\"SearchAction\",\"target\":{\"@type\":\"EntryPoint\",\"urlTemplate\":\"https:\/\/www.grazalemacycling.com\/es\/?s={search_term_string}\"},\"query-input\":{\"@type\":\"PropertyValueSpecification\",\"valueRequired\":true,\"valueName\":\"search_term_string\"}}],\"inLanguage\":\"es\"},{\"@type\":\"Organization\",\"@id\":\"https:\/\/www.grazalemacycling.com\/es\/#organization\",\"name\":\"Grazalema Cycling Adventures\",\"url\":\"https:\/\/www.grazalemacycling.com\/es\/\",\"logo\":{\"@type\":\"ImageObject\",\"inLanguage\":\"es\",\"@id\":\"https:\/\/www.grazalemacycling.com\/es\/#\/schema\/logo\/image\/\",\"url\":\"https:\/\/www.grazalemacycling.com\/wp-content\/uploads\/2018\/12\/logo_web_retina-1.png\",\"contentUrl\":\"https:\/\/www.grazalemacycling.com\/wp-content\/uploads\/2018\/12\/logo_web_retina-1.png\",\"width\":675,\"height\":161,\"caption\":\"Grazalema Cycling Adventures\"},\"image\":{\"@id\":\"https:\/\/www.grazalemacycling.com\/es\/#\/schema\/logo\/image\/\"},\"sameAs\":[\"https:\/\/www.facebook.com\/grazalemacycling\/\",\"https:\/\/www.instagram.com\/grazalemacyclingadventures\/\"]}]}<\/script>\n<!-- \/ Yoast SEO plugin. -->","yoast_head_json":{"title":"Rutas de ciclismo personalizadas y autoguiadas","robots":{"index":"index","follow":"follow","max-snippet":"max-snippet:-1","max-image-preview":"max-image-preview:large","max-video-preview":"max-video-preview:-1"},"canonical":"https:\/\/www.grazalemacycling.com\/es\/ciclismo-andalucia-rutas-en-bici-sierra-de-grazalema\/rutas-en-bici-autoguiadas\/","og_locale":"es_ES","og_type":"article","og_title":"Rutas de ciclismo personalizadas y autoguiadas","og_url":"https:\/\/www.grazalemacycling.com\/es\/ciclismo-andalucia-rutas-en-bici-sierra-de-grazalema\/rutas-en-bici-autoguiadas\/","og_site_name":"Grazalema Cycling Adventures","article_publisher":"https:\/\/www.facebook.com\/grazalemacycling\/","article_modified_time":"2024-07-04T12:15:35+00:00","og_image":[{"url":"https:\/\/www.grazalemacycling.com\/wp-content\/uploads\/2023\/12\/0D0A1416-scaled.jpg","type":"","width":"","height":""}],"twitter_card":"summary_large_image","twitter_misc":{"Tiempo de lectura":"2 minutos"},"schema":{"@context":"https:\/\/schema.org","@graph":[{"@type":"WebPage","@id":"https:\/\/www.grazalemacycling.com\/es\/ciclismo-andalucia-rutas-en-bici-sierra-de-grazalema\/rutas-en-bici-autoguiadas\/","url":"https:\/\/www.grazalemacycling.com\/es\/ciclismo-andalucia-rutas-en-bici-sierra-de-grazalema\/rutas-en-bici-autoguiadas\/","name":"Rutas de ciclismo personalizadas y autoguiadas","isPartOf":{"@id":"https:\/\/www.grazalemacycling.com\/es\/#website"},"primaryImageOfPage":{"@id":"https:\/\/www.grazalemacycling.com\/es\/ciclismo-andalucia-rutas-en-bici-sierra-de-grazalema\/rutas-en-bici-autoguiadas\/#primaryimage"},"image":{"@id":"https:\/\/www.grazalemacycling.com\/es\/ciclismo-andalucia-rutas-en-bici-sierra-de-grazalema\/rutas-en-bici-autoguiadas\/#primaryimage"},"thumbnailUrl":"https:\/\/www.grazalemacycling.com\/wp-content\/uploads\/2023\/12\/0D0A1416-scaled.jpg","datePublished":"2023-12-27T19:54:33+00:00","dateModified":"2024-07-04T12:15:35+00:00","breadcrumb":{"@id":"https:\/\/www.grazalemacycling.com\/es\/ciclismo-andalucia-rutas-en-bici-sierra-de-grazalema\/rutas-en-bici-autoguiadas\/#breadcrumb"},"inLanguage":"es","potentialAction":[{"@type":"ReadAction","target":["https:\/\/www.grazalemacycling.com\/es\/ciclismo-andalucia-rutas-en-bici-sierra-de-grazalema\/rutas-en-bici-autoguiadas\/"]}]},{"@type":"ImageObject","inLanguage":"es","@id":"https:\/\/www.grazalemacycling.com\/es\/ciclismo-andalucia-rutas-en-bici-sierra-de-grazalema\/rutas-en-bici-autoguiadas\/#primaryimage","url":"https:\/\/www.grazalemacycling.com\/wp-content\/uploads\/2023\/12\/0D0A1416-scaled.jpg","contentUrl":"https:\/\/www.grazalemacycling.com\/wp-content\/uploads\/2023\/12\/0D0A1416-scaled.jpg"},{"@type":"BreadcrumbList","@id":"https:\/\/www.grazalemacycling.com\/es\/ciclismo-andalucia-rutas-en-bici-sierra-de-grazalema\/rutas-en-bici-autoguiadas\/#breadcrumb","itemListElement":[{"@type":"ListItem","position":1,"name":"Home","item":"https:\/\/www.grazalemacycling.com\/es\/"},{"@type":"ListItem","position":2,"name":"Ciclismo en Andaluc\u00eda: Rutas en bici por la Sierra de Grazalema","item":"https:\/\/www.grazalemacycling.com\/es\/ciclismo-andalucia-rutas-en-bici-sierra-de-grazalema\/"},{"@type":"ListItem","position":3,"name":"Rutas de ciclismo personalizadas y autoguiadas"}]},{"@type":"WebSite","@id":"https:\/\/www.grazalemacycling.com\/es\/#website","url":"https:\/\/www.grazalemacycling.com\/es\/","name":"Grazalema Cycling Adventures","description":"Bike Rental, Guided Rides &amp; Routes","publisher":{"@id":"https:\/\/www.grazalemacycling.com\/es\/#organization"},"potentialAction":[{"@type":"SearchAction","target":{"@type":"EntryPoint","urlTemplate":"https:\/\/www.grazalemacycling.com\/es\/?s={search_term_string}"},"query-input":{"@type":"PropertyValueSpecification","valueRequired":true,"valueName":"search_term_string"}}],"inLanguage":"es"},{"@type":"Organization","@id":"https:\/\/www.grazalemacycling.com\/es\/#organization","name":"Grazalema Cycling Adventures","url":"https:\/\/www.grazalemacycling.com\/es\/","logo":{"@type":"ImageObject","inLanguage":"es","@id":"https:\/\/www.grazalemacycling.com\/es\/#\/schema\/logo\/image\/","url":"https:\/\/www.grazalemacycling.com\/wp-content\/uploads\/2018\/12\/logo_web_retina-1.png","contentUrl":"https:\/\/www.grazalemacycling.com\/wp-content\/uploads\/2018\/12\/logo_web_retina-1.png","width":675,"height":161,"caption":"Grazalema Cycling Adventures"},"image":{"@id":"https:\/\/www.grazalemacycling.com\/es\/#\/schema\/logo\/image\/"},"sameAs":["https:\/\/www.facebook.com\/grazalemacycling\/","https:\/\/www.instagram.com\/grazalemacyclingadventures\/"]}]}},"uagb_featured_image_src":{"full":false,"thumbnail":false,"medium":false,"medium_large":false,"large":false,"1536x1536":false,"2048x2048":false,"be_thumbnail":false,"be_clients":false,"slider-content":false,"portfolio-mf":false,"portfolio-mf-w":false,"portfolio-mf-t":false,"portfolio-list":false,"blog-portfolio":false,"blog-single":false,"mobile-srcset":false,"woocommerce_thumbnail":false,"woocommerce_single":false,"woocommerce_gallery_thumbnail":false},"uagb_author_info":{"display_name":"Agnieta Francke","author_link":"https:\/\/www.grazalemacycling.com\/es\/author\/agnieta\/"},"uagb_comment_info":0,"uagb_excerpt":null,"_links":{"self":[{"href":"https:\/\/www.grazalemacycling.com\/es\/wp-json\/wp\/v2\/pages\/5736","targetHints":{"allow":["GET"]}}],"collection":[{"href":"https:\/\/www.grazalemacycling.com\/es\/wp-json\/wp\/v2\/pages"}],"about":[{"href":"https:\/\/www.grazalemacycling.com\/es\/wp-json\/wp\/v2\/types\/page"}],"author":[{"embeddable":true,"href":"https:\/\/www.grazalemacycling.com\/es\/wp-json\/wp\/v2\/users\/2"}],"replies":[{"embeddable":true,"href":"https:\/\/www.grazalemacycling.com\/es\/wp-json\/wp\/v2\/comments?post=5736"}],"version-history":[{"count":3,"href":"https:\/\/www.grazalemacycling.com\/es\/wp-json\/wp\/v2\/pages\/5736\/revisions"}],"predecessor-version":[{"id":5829,"href":"https:\/\/www.grazalemacycling.com\/es\/wp-json\/wp\/v2\/pages\/5736\/revisions\/5829"}],"up":[{"embeddable":true,"href":"https:\/\/www.grazalemacycling.com\/es\/wp-json\/wp\/v2\/pages\/5714"}],"wp:attachment":[{"href":"https:\/\/www.grazalemacycling.com\/es\/wp-json\/wp\/v2\/media?parent=5736"}],"curies":[{"name":"wp","href":"https:\/\/api.w.org\/{rel}","templated":true}]}}