{"id":2046,"date":"2020-04-30T17:53:13","date_gmt":"2020-05-20T22:01:14","guid":{"rendered":"https:\/\/www.grazalemacycling.com\/product\/pulsera-de-bicicleta\/"},"modified":"2024-12-17T22:02:31","modified_gmt":"2024-12-17T22:02:31","slug":"pulsera-bicicleta","status":"publish","type":"product","link":"https:\/\/www.grazalemacycling.com\/es\/producto\/pulsera-bicicleta\/","title":{"rendered":"Pulsera de bicicleta"},"content":{"rendered":"<p>Bicycle bracelet with a silverplated zamak bike interpiece and silverplated beads. Pulsera de bicicleta con bici y bolas con ba\u00f1o de plata. Acado de eslab\u00f3n o pasador y terminales de cables. Ambos acabados le permiten ajustar la pulsera a la medida adecuada para su mu\u00f1eca.<\/p>\n<p>Dimensiones bicicleta: 15 x 34 mm<\/p>\n<p>Material: bicicleta, bolas y pasador de zamak con ba\u00f1o de plata, cord\u00f3n el\u00e1stico.<\/p>\n","protected":false},"excerpt":{"rendered":"<p>Pulsera bicicleta: una pieza de bisuter\u00eda bonita para ti o el regalo perfecto para los amantes del ciclismo. Aparte de la bicicleta, las pulseras tienen otros detalles interesantes que hacen referencia al ciclismo, como el acabado con un eslab\u00f3n de cadena o los terminales de cables. Esto hace que las pulseras son el regalo perfecto para tus amigos o familiares ciclistas.<\/p>\n<p>&nbsp;<\/p>\n","protected":false},"featured_media":2473,"comment_status":"open","ping_status":"closed","template":"","meta":{"_uag_custom_page_level_css":""},"product_brand":[],"product_cat":[207],"product_tag":[415,546,547,432],"class_list":{"0":"post-2046","1":"product","2":"type-product","3":"status-publish","4":"has-post-thumbnail","6":"product_cat-pulseras","7":"product_tag-elastico","8":"product_tag-fiets-cadeau-es","9":"product_tag-fiets-kado-es","10":"product_tag-plateado","11":"product_shipping_class-sobre-pequeno","12":"pa_bracelet-finish-eslabon","13":"pa_bracelet-finish-pasador","14":"pa_colour-azul-marino-es","15":"pa_colour-coral-es","16":"pa_colour-verde-oscuro","17":"pa_colour-amarillo","18":"pa_colour-azul-claro","19":"pa_colour-azul-royal","20":"pa_colour-beige-es","21":"pa_colour-blanco","22":"pa_colour-granate","23":"pa_colour-gris","24":"pa_colour-marron-oscuro","25":"pa_colour-morado","26":"pa_colour-naranja","27":"pa_colour-negro","28":"pa_colour-rojo","29":"pa_colour-rosa","30":"pa_colour-verde-bosque","31":"pa_colour-verde-zesped","33":"first","34":"instock","35":"taxable","36":"shipping-taxable","37":"purchasable","38":"product-type-variable","39":"has-default-attributes"},"yoast_head":"<!-- This site is optimized with the Yoast SEO plugin v26.6 - https:\/\/yoast.com\/wordpress\/plugins\/seo\/ -->\n<title>Pulsera Bici con bicicleta con ba\u00f1o de plata | Regalo Original para Ciclistas<\/title>\n<meta name=\"description\" content=\"Pulsera bicicleta con bici con ba\u00f1o de plata y otros detalles que gustar\u00e1n a los ciclistas: perfecto para regalar a un ciclista y\/o a ti mismo.\" \/>\n<meta name=\"robots\" content=\"index, follow, max-snippet:-1, max-image-preview:large, max-video-preview:-1\" \/>\n<link rel=\"canonical\" href=\"https:\/\/www.grazalemacycling.com\/es\/producto\/pulsera-bicicleta\/\" \/>\n<meta property=\"og:locale\" content=\"es_ES\" \/>\n<meta property=\"og:type\" content=\"article\" \/>\n<meta property=\"og:title\" content=\"Pulsera Bici con bicicleta con ba\u00f1o de plata | Regalo Original para Ciclistas\" \/>\n<meta property=\"og:description\" content=\"Pulsera bicicleta con bici con ba\u00f1o de plata y otros detalles que gustar\u00e1n a los ciclistas: perfecto para regalar a un ciclista y\/o a ti mismo.\" \/>\n<meta property=\"og:url\" content=\"https:\/\/www.grazalemacycling.com\/es\/producto\/pulsera-bicicleta\/\" \/>\n<meta property=\"og:site_name\" content=\"Grazalema Cycling Adventures\" \/>\n<meta property=\"article:publisher\" content=\"https:\/\/www.facebook.com\/grazalemacycling\/\" \/>\n<meta property=\"article:modified_time\" content=\"2024-12-17T22:02:31+00:00\" \/>\n<meta property=\"og:image\" content=\"https:\/\/www.grazalemacycling.com\/wp-content\/uploads\/2020\/04\/grazalema-cycling-bracelets-5-1.jpg\" \/>\n\t<meta property=\"og:image:width\" content=\"900\" \/>\n\t<meta property=\"og:image:height\" content=\"600\" \/>\n\t<meta property=\"og:image:type\" content=\"image\/jpeg\" \/>\n<meta name=\"twitter:card\" content=\"summary_large_image\" \/>\n<script type=\"application\/ld+json\" class=\"yoast-schema-graph\">{\"@context\":\"https:\/\/schema.org\",\"@graph\":[{\"@type\":\"WebPage\",\"@id\":\"https:\/\/www.grazalemacycling.com\/es\/producto\/pulsera-bicicleta\/\",\"url\":\"https:\/\/www.grazalemacycling.com\/es\/producto\/pulsera-bicicleta\/\",\"name\":\"Pulsera Bici con bicicleta con ba\u00f1o de plata | Regalo Original para Ciclistas\",\"isPartOf\":{\"@id\":\"https:\/\/www.grazalemacycling.com\/es\/#website\"},\"primaryImageOfPage\":{\"@id\":\"https:\/\/www.grazalemacycling.com\/es\/producto\/pulsera-bicicleta\/#primaryimage\"},\"image\":{\"@id\":\"https:\/\/www.grazalemacycling.com\/es\/producto\/pulsera-bicicleta\/#primaryimage\"},\"thumbnailUrl\":\"https:\/\/www.grazalemacycling.com\/wp-content\/uploads\/2020\/04\/grazalema-cycling-bracelets-5-1.jpg\",\"datePublished\":\"2020-05-20T22:01:14+00:00\",\"dateModified\":\"2024-12-17T22:02:31+00:00\",\"description\":\"Pulsera bicicleta con bici con ba\u00f1o de plata y otros detalles que gustar\u00e1n a los ciclistas: perfecto para regalar a un ciclista y\/o a ti mismo.\",\"breadcrumb\":{\"@id\":\"https:\/\/www.grazalemacycling.com\/es\/producto\/pulsera-bicicleta\/#breadcrumb\"},\"inLanguage\":\"es\",\"potentialAction\":[{\"@type\":\"ReadAction\",\"target\":[\"https:\/\/www.grazalemacycling.com\/es\/producto\/pulsera-bicicleta\/\"]}]},{\"@type\":\"ImageObject\",\"inLanguage\":\"es\",\"@id\":\"https:\/\/www.grazalemacycling.com\/es\/producto\/pulsera-bicicleta\/#primaryimage\",\"url\":\"https:\/\/www.grazalemacycling.com\/wp-content\/uploads\/2020\/04\/grazalema-cycling-bracelets-5-1.jpg\",\"contentUrl\":\"https:\/\/www.grazalemacycling.com\/wp-content\/uploads\/2020\/04\/grazalema-cycling-bracelets-5-1.jpg\",\"width\":900,\"height\":600,\"caption\":\"Pulsera Bicicleta regalo para ciclistas\"},{\"@type\":\"BreadcrumbList\",\"@id\":\"https:\/\/www.grazalemacycling.com\/es\/producto\/pulsera-bicicleta\/#breadcrumb\",\"itemListElement\":[{\"@type\":\"ListItem\",\"position\":1,\"name\":\"Home\",\"item\":\"https:\/\/www.grazalemacycling.com\/es\/\"},{\"@type\":\"ListItem\",\"position\":2,\"name\":\"Tienda Online\",\"item\":\"https:\/\/www.grazalemacycling.com\/es\/tienda\/\"},{\"@type\":\"ListItem\",\"position\":3,\"name\":\"Pulsera de bicicleta\"}]},{\"@type\":\"WebSite\",\"@id\":\"https:\/\/www.grazalemacycling.com\/es\/#website\",\"url\":\"https:\/\/www.grazalemacycling.com\/es\/\",\"name\":\"Grazalema Cycling Adventures\",\"description\":\"Bike Rental, Guided Rides &amp; Routes\",\"publisher\":{\"@id\":\"https:\/\/www.grazalemacycling.com\/es\/#organization\"},\"potentialAction\":[{\"@type\":\"SearchAction\",\"target\":{\"@type\":\"EntryPoint\",\"urlTemplate\":\"https:\/\/www.grazalemacycling.com\/es\/?s={search_term_string}\"},\"query-input\":{\"@type\":\"PropertyValueSpecification\",\"valueRequired\":true,\"valueName\":\"search_term_string\"}}],\"inLanguage\":\"es\"},{\"@type\":\"Organization\",\"@id\":\"https:\/\/www.grazalemacycling.com\/es\/#organization\",\"name\":\"Grazalema Cycling Adventures\",\"url\":\"https:\/\/www.grazalemacycling.com\/es\/\",\"logo\":{\"@type\":\"ImageObject\",\"inLanguage\":\"es\",\"@id\":\"https:\/\/www.grazalemacycling.com\/es\/#\/schema\/logo\/image\/\",\"url\":\"https:\/\/www.grazalemacycling.com\/wp-content\/uploads\/2018\/12\/logo_web_retina-1.png\",\"contentUrl\":\"https:\/\/www.grazalemacycling.com\/wp-content\/uploads\/2018\/12\/logo_web_retina-1.png\",\"width\":675,\"height\":161,\"caption\":\"Grazalema Cycling Adventures\"},\"image\":{\"@id\":\"https:\/\/www.grazalemacycling.com\/es\/#\/schema\/logo\/image\/\"},\"sameAs\":[\"https:\/\/www.facebook.com\/grazalemacycling\/\",\"https:\/\/www.instagram.com\/grazalemacyclingadventures\/\"]}]}<\/script>\n<!-- \/ Yoast SEO plugin. -->","yoast_head_json":{"title":"Pulsera Bici con bicicleta con ba\u00f1o de plata | Regalo Original para Ciclistas","description":"Pulsera bicicleta con bici con ba\u00f1o de plata y otros detalles que gustar\u00e1n a los ciclistas: perfecto para regalar a un ciclista y\/o a ti mismo.","robots":{"index":"index","follow":"follow","max-snippet":"max-snippet:-1","max-image-preview":"max-image-preview:large","max-video-preview":"max-video-preview:-1"},"canonical":"https:\/\/www.grazalemacycling.com\/es\/producto\/pulsera-bicicleta\/","og_locale":"es_ES","og_type":"article","og_title":"Pulsera Bici con bicicleta con ba\u00f1o de plata | Regalo Original para Ciclistas","og_description":"Pulsera bicicleta con bici con ba\u00f1o de plata y otros detalles que gustar\u00e1n a los ciclistas: perfecto para regalar a un ciclista y\/o a ti mismo.","og_url":"https:\/\/www.grazalemacycling.com\/es\/producto\/pulsera-bicicleta\/","og_site_name":"Grazalema Cycling Adventures","article_publisher":"https:\/\/www.facebook.com\/grazalemacycling\/","article_modified_time":"2024-12-17T22:02:31+00:00","og_image":[{"width":900,"height":600,"url":"https:\/\/www.grazalemacycling.com\/wp-content\/uploads\/2020\/04\/grazalema-cycling-bracelets-5-1.jpg","type":"image\/jpeg"}],"twitter_card":"summary_large_image","schema":{"@context":"https:\/\/schema.org","@graph":[{"@type":"WebPage","@id":"https:\/\/www.grazalemacycling.com\/es\/producto\/pulsera-bicicleta\/","url":"https:\/\/www.grazalemacycling.com\/es\/producto\/pulsera-bicicleta\/","name":"Pulsera Bici con bicicleta con ba\u00f1o de plata | Regalo Original para Ciclistas","isPartOf":{"@id":"https:\/\/www.grazalemacycling.com\/es\/#website"},"primaryImageOfPage":{"@id":"https:\/\/www.grazalemacycling.com\/es\/producto\/pulsera-bicicleta\/#primaryimage"},"image":{"@id":"https:\/\/www.grazalemacycling.com\/es\/producto\/pulsera-bicicleta\/#primaryimage"},"thumbnailUrl":"https:\/\/www.grazalemacycling.com\/wp-content\/uploads\/2020\/04\/grazalema-cycling-bracelets-5-1.jpg","datePublished":"2020-05-20T22:01:14+00:00","dateModified":"2024-12-17T22:02:31+00:00","description":"Pulsera bicicleta con bici con ba\u00f1o de plata y otros detalles que gustar\u00e1n a los ciclistas: perfecto para regalar a un ciclista y\/o a ti mismo.","breadcrumb":{"@id":"https:\/\/www.grazalemacycling.com\/es\/producto\/pulsera-bicicleta\/#breadcrumb"},"inLanguage":"es","potentialAction":[{"@type":"ReadAction","target":["https:\/\/www.grazalemacycling.com\/es\/producto\/pulsera-bicicleta\/"]}]},{"@type":"ImageObject","inLanguage":"es","@id":"https:\/\/www.grazalemacycling.com\/es\/producto\/pulsera-bicicleta\/#primaryimage","url":"https:\/\/www.grazalemacycling.com\/wp-content\/uploads\/2020\/04\/grazalema-cycling-bracelets-5-1.jpg","contentUrl":"https:\/\/www.grazalemacycling.com\/wp-content\/uploads\/2020\/04\/grazalema-cycling-bracelets-5-1.jpg","width":900,"height":600,"caption":"Pulsera Bicicleta regalo para ciclistas"},{"@type":"BreadcrumbList","@id":"https:\/\/www.grazalemacycling.com\/es\/producto\/pulsera-bicicleta\/#breadcrumb","itemListElement":[{"@type":"ListItem","position":1,"name":"Home","item":"https:\/\/www.grazalemacycling.com\/es\/"},{"@type":"ListItem","position":2,"name":"Tienda Online","item":"https:\/\/www.grazalemacycling.com\/es\/tienda\/"},{"@type":"ListItem","position":3,"name":"Pulsera de bicicleta"}]},{"@type":"WebSite","@id":"https:\/\/www.grazalemacycling.com\/es\/#website","url":"https:\/\/www.grazalemacycling.com\/es\/","name":"Grazalema Cycling Adventures","description":"Bike Rental, Guided Rides &amp; Routes","publisher":{"@id":"https:\/\/www.grazalemacycling.com\/es\/#organization"},"potentialAction":[{"@type":"SearchAction","target":{"@type":"EntryPoint","urlTemplate":"https:\/\/www.grazalemacycling.com\/es\/?s={search_term_string}"},"query-input":{"@type":"PropertyValueSpecification","valueRequired":true,"valueName":"search_term_string"}}],"inLanguage":"es"},{"@type":"Organization","@id":"https:\/\/www.grazalemacycling.com\/es\/#organization","name":"Grazalema Cycling Adventures","url":"https:\/\/www.grazalemacycling.com\/es\/","logo":{"@type":"ImageObject","inLanguage":"es","@id":"https:\/\/www.grazalemacycling.com\/es\/#\/schema\/logo\/image\/","url":"https:\/\/www.grazalemacycling.com\/wp-content\/uploads\/2018\/12\/logo_web_retina-1.png","contentUrl":"https:\/\/www.grazalemacycling.com\/wp-content\/uploads\/2018\/12\/logo_web_retina-1.png","width":675,"height":161,"caption":"Grazalema Cycling Adventures"},"image":{"@id":"https:\/\/www.grazalemacycling.com\/es\/#\/schema\/logo\/image\/"},"sameAs":["https:\/\/www.facebook.com\/grazalemacycling\/","https:\/\/www.instagram.com\/grazalemacyclingadventures\/"]}]}},"uagb_featured_image_src":{"full":["https:\/\/www.grazalemacycling.com\/wp-content\/uploads\/2020\/04\/grazalema-cycling-bracelets-5-1.jpg",900,600,false],"thumbnail":["https:\/\/www.grazalemacycling.com\/wp-content\/uploads\/2020\/04\/grazalema-cycling-bracelets-5-1-150x150.jpg",150,150,true],"medium":["https:\/\/www.grazalemacycling.com\/wp-content\/uploads\/2020\/04\/grazalema-cycling-bracelets-5-1-300x200.jpg",300,200,true],"medium_large":["https:\/\/www.grazalemacycling.com\/wp-content\/uploads\/2020\/04\/grazalema-cycling-bracelets-5-1-768x512.jpg",768,512,true],"large":["https:\/\/www.grazalemacycling.com\/wp-content\/uploads\/2020\/04\/grazalema-cycling-bracelets-5-1.jpg",900,600,false],"1536x1536":["https:\/\/www.grazalemacycling.com\/wp-content\/uploads\/2020\/04\/grazalema-cycling-bracelets-5-1.jpg",900,600,false],"2048x2048":["https:\/\/www.grazalemacycling.com\/wp-content\/uploads\/2020\/04\/grazalema-cycling-bracelets-5-1.jpg",900,600,false],"be_thumbnail":["https:\/\/www.grazalemacycling.com\/wp-content\/uploads\/2020\/04\/grazalema-cycling-bracelets-5-1.jpg",150,100,false],"be_clients":["https:\/\/www.grazalemacycling.com\/wp-content\/uploads\/2020\/04\/grazalema-cycling-bracelets-5-1.jpg",113,75,false],"slider-content":["https:\/\/www.grazalemacycling.com\/wp-content\/uploads\/2020\/04\/grazalema-cycling-bracelets-5-1.jpg",900,600,false],"portfolio-mf":["https:\/\/www.grazalemacycling.com\/wp-content\/uploads\/2020\/04\/grazalema-cycling-bracelets-5-1.jpg",900,600,false],"portfolio-mf-w":["https:\/\/www.grazalemacycling.com\/wp-content\/uploads\/2020\/04\/grazalema-cycling-bracelets-5-1-900x500.jpg",900,500,true],"portfolio-mf-t":["https:\/\/www.grazalemacycling.com\/wp-content\/uploads\/2020\/04\/grazalema-cycling-bracelets-5-1-768x600.jpg",768,600,true],"portfolio-list":["https:\/\/www.grazalemacycling.com\/wp-content\/uploads\/2020\/04\/grazalema-cycling-bracelets-5-1.jpg",900,600,false],"blog-portfolio":["https:\/\/www.grazalemacycling.com\/wp-content\/uploads\/2020\/04\/grazalema-cycling-bracelets-5-1.jpg",900,600,false],"blog-single":["https:\/\/www.grazalemacycling.com\/wp-content\/uploads\/2020\/04\/grazalema-cycling-bracelets-5-1.jpg",900,600,false],"mobile-srcset":["https:\/\/www.grazalemacycling.com\/wp-content\/uploads\/2020\/04\/grazalema-cycling-bracelets-5-1.jpg",480,320,false],"woocommerce_thumbnail":["https:\/\/www.grazalemacycling.com\/wp-content\/uploads\/2020\/04\/grazalema-cycling-bracelets-5-1-800x600.jpg",800,600,true],"woocommerce_single":["https:\/\/www.grazalemacycling.com\/wp-content\/uploads\/2020\/04\/grazalema-cycling-bracelets-5-1-800x533.jpg",800,533,true],"woocommerce_gallery_thumbnail":["https:\/\/www.grazalemacycling.com\/wp-content\/uploads\/2020\/04\/grazalema-cycling-bracelets-5-1-300x300.jpg",300,300,true]},"uagb_author_info":{"display_name":"Agnieta Francke","author_link":"https:\/\/www.grazalemacycling.com\/es\/author\/"},"uagb_comment_info":1,"uagb_excerpt":"Pulsera bicicleta: una pieza de bisuter\u00eda bonita para ti o el regalo perfecto para los amantes del ciclismo. Aparte de la bicicleta, las pulseras tienen otros detalles interesantes que hacen referencia al ciclismo, como el acabado con un eslab\u00f3n de cadena o los terminales de cables. Esto hace que las pulseras son el regalo perfecto&hellip;","_links":{"self":[{"href":"https:\/\/www.grazalemacycling.com\/es\/wp-json\/wp\/v2\/product\/2046","targetHints":{"allow":["GET"]}}],"collection":[{"href":"https:\/\/www.grazalemacycling.com\/es\/wp-json\/wp\/v2\/product"}],"about":[{"href":"https:\/\/www.grazalemacycling.com\/es\/wp-json\/wp\/v2\/types\/product"}],"replies":[{"embeddable":true,"href":"https:\/\/www.grazalemacycling.com\/es\/wp-json\/wp\/v2\/comments?post=2046"}],"wp:featuredmedia":[{"embeddable":true,"href":"https:\/\/www.grazalemacycling.com\/es\/wp-json\/wp\/v2\/media\/2473"}],"wp:attachment":[{"href":"https:\/\/www.grazalemacycling.com\/es\/wp-json\/wp\/v2\/media?parent=2046"}],"wp:term":[{"taxonomy":"product_brand","embeddable":true,"href":"https:\/\/www.grazalemacycling.com\/es\/wp-json\/wp\/v2\/product_brand?post=2046"},{"taxonomy":"product_cat","embeddable":true,"href":"https:\/\/www.grazalemacycling.com\/es\/wp-json\/wp\/v2\/product_cat?post=2046"},{"taxonomy":"product_tag","embeddable":true,"href":"https:\/\/www.grazalemacycling.com\/es\/wp-json\/wp\/v2\/product_tag?post=2046"}],"curies":[{"name":"wp","href":"https:\/\/api.w.org\/{rel}","templated":true}]}}